{"id":701,"date":"2020-11-10T12:26:27","date_gmt":"2020-11-10T11:26:27","guid":{"rendered":"https:\/\/www.willeague.com\/vision-mission\/"},"modified":"2023-11-20T16:34:02","modified_gmt":"2023-11-20T15:34:02","slug":"vision-mission","status":"publish","type":"page","link":"https:\/\/www.willeague.com\/it\/vision-mission\/","title":{"rendered":"Vision&#038;Mission"},"content":{"rendered":"<p><div class=\"fusion-fullwidth fullwidth-box fusion-builder-row-1 fusion-flex-container nonhundred-percent-fullwidth non-hundred-percent-height-scrolling\" style=\"--awb-border-radius-top-left:0px;--awb-border-radius-top-right:0px;--awb-border-radius-bottom-right:0px;--awb-border-radius-bottom-left:0px;--awb-flex-wrap:wrap;\" ><div class=\"fusion-builder-row fusion-row fusion-flex-align-items-flex-start fusion-flex-content-wrap\" style=\"max-width:1248px;margin-left: calc(-4% \/ 2 );margin-right: calc(-4% \/ 2 );\"><div class=\"fusion-layout-column fusion_builder_column fusion-builder-column-0 fusion_builder_column_1_1 1_1 fusion-flex-column\" style=\"--awb-bg-size:cover;--awb-width-large:100%;--awb-margin-top-large:0px;--awb-spacing-right-large:1.92%;--awb-margin-bottom-large:20px;--awb-spacing-left-large:1.92%;--awb-width-medium:100%;--awb-order-medium:0;--awb-spacing-right-medium:1.92%;--awb-spacing-left-medium:1.92%;--awb-width-small:100%;--awb-order-small:0;--awb-spacing-right-small:1.92%;--awb-spacing-left-small:1.92%;\"><div class=\"fusion-column-wrapper fusion-column-has-shadow fusion-flex-justify-content-flex-start fusion-content-layout-column\"><div class=\"fusion-title title fusion-title-1 fusion-sep-none fusion-title-text fusion-title-size-three\" style=\"--awb-margin-bottom:20px;\"><h3 class=\"fusion-title-heading title-heading-left fusion-responsive-typography-calculated\" style=\"margin:0;--fontSize:50;line-height:1.3;\"><p style=\"text-align: left;\">\u201cSogniamo un mondo in cui la protezione legale di massima qualit\u00e0 sia resa accessibile a livello globale per ogni individuo, azienda o entit\u00e0.&#8221;<\/p><\/h3><\/div><div class=\"fusion-text fusion-text-1\"><p style=\"text-align: right;\"><em>Marco Buscema,\u00a0fondatore di WILL<\/em><\/p>\n<\/div><\/div><\/div><\/div><\/div><div class=\"fusion-fullwidth fullwidth-box fusion-builder-row-2 fusion-flex-container nonhundred-percent-fullwidth non-hundred-percent-height-scrolling\" style=\"--awb-border-radius-top-left:0px;--awb-border-radius-top-right:0px;--awb-border-radius-bottom-right:0px;--awb-border-radius-bottom-left:0px;--awb-flex-wrap:wrap;\" ><div class=\"fusion-builder-row fusion-row fusion-flex-align-items-flex-start fusion-flex-content-wrap\" style=\"max-width:1248px;margin-left: calc(-4% \/ 2 );margin-right: calc(-4% \/ 2 );\"><div class=\"fusion-layout-column fusion_builder_column fusion-builder-column-1 fusion_builder_column_1_1 1_1 fusion-flex-column\" style=\"--awb-bg-size:cover;--awb-width-large:100%;--awb-margin-top-large:0px;--awb-spacing-right-large:1.92%;--awb-margin-bottom-large:20px;--awb-spacing-left-large:1.92%;--awb-width-medium:100%;--awb-order-medium:0;--awb-spacing-right-medium:1.92%;--awb-spacing-left-medium:1.92%;--awb-width-small:100%;--awb-order-small:0;--awb-spacing-right-small:1.92%;--awb-spacing-left-small:1.92%;\"><div class=\"fusion-column-wrapper fusion-column-has-shadow fusion-flex-justify-content-flex-start fusion-content-layout-column\"><div class=\"fusion-text fusion-text-2\"><p style=\"text-align: left;\">Il sogno di WILL prende avvio da un evento drammatico che segna la vita del suo fondatore, Marco Buscema, avvocato italiano. \u00c8 il 1997. Marco si trova in Turchia e l\u2019autobus su cui viaggia, assieme a molte altre persone, precipita in un dirupo. Sopravvive, ma le conseguenze che subiscono i superstiti, anche per l\u2019assenza di <strong>adeguata assistenza legale,<\/strong>\u00a0lo feriscono nell\u2019animo.<\/p>\n<p>Marco intuisce che \u00e8 necessario fare qualcosa perch\u00e9 <strong>mai pi\u00f9 persone in gravi situazioni si sentano sole<\/strong>. Passo dopo passo, costruisce una rete di rapporti con avvocati in ogni parte del mondo, che condividono la sua mission:<\/p>\n<p><em>Contribuire alla costruzione di un mondo pi\u00f9 equo attraverso la creazione della pi\u00f9 ampia rete internazionale di specialisti legali, che copra almeno 20 fusi orari. Proprietari e comproprietari di studi guidati da eccellenza, passione, integrit\u00e0 ed etica, che affrontino i casi usando il pensiero laterale e stabiliscano un rapporto di fiducia tra pari con il cliente e tra affiliati della lega stessa.\u00a0<\/em><\/p>\n<p>Nasce cos\u00ec WILL, la <strong>Lega Mondiale degli Avvocati Indipendenti<\/strong>.\u00a0 Nell\u2019acronimo c\u2019\u00e8 la libert\u00e0 di volere, il potere di scegliere e decidere, la volont\u00e0 di riuscire. Ma WILL \u00e8 anche un nome proprio, idealmente una persona su cui poter contare a prescindere dal paese in cui ci si trova. Perch\u00e9 le differenze tra culture diventino opportunit\u00e0 e tu possa sempre contare su persone amiche in qualsiasi paese ti trovi.<\/p>\n<\/div><\/div><\/div><\/div><\/div><div class=\"fusion-fullwidth fullwidth-box fusion-builder-row-3 fusion-flex-container nonhundred-percent-fullwidth non-hundred-percent-height-scrolling\" style=\"--awb-border-radius-top-left:0px;--awb-border-radius-top-right:0px;--awb-border-radius-bottom-right:0px;--awb-border-radius-bottom-left:0px;--awb-flex-wrap:wrap;\" ><div class=\"fusion-builder-row fusion-row fusion-flex-align-items-flex-start fusion-flex-content-wrap\" style=\"max-width:1248px;margin-left: calc(-4% \/ 2 );margin-right: calc(-4% \/ 2 );\"><div class=\"fusion-layout-column fusion_builder_column fusion-builder-column-2 fusion_builder_column_2_3 2_3 fusion-flex-column\" style=\"--awb-bg-size:cover;--awb-width-large:66.666666666667%;--awb-margin-top-large:50px;--awb-spacing-right-large:2.88%;--awb-margin-bottom-large:20px;--awb-spacing-left-large:2.88%;--awb-width-medium:100%;--awb-spacing-right-medium:1.92%;--awb-spacing-left-medium:1.92%;--awb-width-small:100%;--awb-spacing-right-small:1.92%;--awb-spacing-left-small:1.92%;\"><div class=\"fusion-column-wrapper fusion-column-has-shadow fusion-flex-justify-content-flex-start fusion-content-layout-column\"><div class=\"fusion-image-element \" style=\"--awb-caption-title-font-family:var(--h2_typography-font-family);--awb-caption-title-font-weight:var(--h2_typography-font-weight);--awb-caption-title-font-style:var(--h2_typography-font-style);--awb-caption-title-size:var(--h2_typography-font-size);--awb-caption-title-transform:var(--h2_typography-text-transform);--awb-caption-title-line-height:var(--h2_typography-line-height);--awb-caption-title-letter-spacing:var(--h2_typography-letter-spacing);\"><span class=\" fusion-imageframe imageframe-none imageframe-1 hover-type-none\"><img decoding=\"async\" width=\"953\" height=\"507\" title=\"world_2024\" src=\"https:\/\/www.willeague.com\/wp-content\/uploads\/2025\/10\/world_2024.webp\" data-orig-src=\"https:\/\/www.willeague.com\/wp-content\/uploads\/2025\/10\/world_2024.webp\" alt class=\"lazyload img-responsive wp-image-9140\" srcset=\"data:image\/svg+xml,%3Csvg%20xmlns%3D%27http%3A%2F%2Fwww.w3.org%2F2000%2Fsvg%27%20width%3D%27953%27%20height%3D%27507%27%20viewBox%3D%270%200%20953%20507%27%3E%3Crect%20width%3D%27953%27%20height%3D%27507%27%20fill-opacity%3D%220%22%2F%3E%3C%2Fsvg%3E\" data-srcset=\"https:\/\/www.willeague.com\/wp-content\/uploads\/2025\/10\/world_2024-200x106.webp 200w, https:\/\/www.willeague.com\/wp-content\/uploads\/2025\/10\/world_2024-300x160.webp 300w, https:\/\/www.willeague.com\/wp-content\/uploads\/2025\/10\/world_2024-400x213.webp 400w, https:\/\/www.willeague.com\/wp-content\/uploads\/2025\/10\/world_2024-600x319.webp 600w, https:\/\/www.willeague.com\/wp-content\/uploads\/2025\/10\/world_2024-768x409.webp 768w, https:\/\/www.willeague.com\/wp-content\/uploads\/2025\/10\/world_2024-800x426.webp 800w, https:\/\/www.willeague.com\/wp-content\/uploads\/2025\/10\/world_2024.webp 953w\" data-sizes=\"auto\" data-orig-sizes=\"(max-width: 1024px) 100vw, (max-width: 640px) 100vw, 800px\" \/><\/span><\/div><\/div><\/div>\n<\/div><\/div><\/p>\n","protected":false},"excerpt":{"rendered":"","protected":false},"author":4,"featured_media":0,"parent":0,"menu_order":0,"comment_status":"closed","ping_status":"closed","template":"","meta":{"_acf_changed":false,"footnotes":""},"class_list":["post-701","page","type-page","status-publish","hentry"],"acf":[],"yoast_head":"<!-- This site is optimized with the Yoast SEO plugin v25.6 - https:\/\/yoast.com\/wordpress\/plugins\/seo\/ -->\n<title>Vision&amp;Mission - Willeague<\/title>\n<meta name=\"robots\" content=\"index, follow, max-snippet:-1, max-image-preview:large, max-video-preview:-1\" \/>\n<link rel=\"canonical\" href=\"https:\/\/www.willeague.com\/it\/vision-mission\/\" \/>\n<meta property=\"og:locale\" content=\"it_IT\" \/>\n<meta property=\"og:type\" content=\"article\" \/>\n<meta property=\"og:title\" content=\"Vision&amp;Mission - Willeague\" \/>\n<meta property=\"og:url\" content=\"https:\/\/www.willeague.com\/it\/vision-mission\/\" \/>\n<meta property=\"og:site_name\" content=\"Willeague\" \/>\n<meta property=\"article:modified_time\" content=\"2023-11-20T15:34:02+00:00\" \/>\n<meta name=\"twitter:card\" content=\"summary_large_image\" \/>\n<meta name=\"twitter:label1\" content=\"Tempo di lettura stimato\" \/>\n\t<meta name=\"twitter:data1\" content=\"5 minuti\" \/>\n<script type=\"application\/ld+json\" class=\"yoast-schema-graph\">{\"@context\":\"https:\/\/schema.org\",\"@graph\":[{\"@type\":\"WebPage\",\"@id\":\"https:\/\/www.willeague.com\/it\/vision-mission\/\",\"url\":\"https:\/\/www.willeague.com\/it\/vision-mission\/\",\"name\":\"Vision&Mission - Willeague\",\"isPartOf\":{\"@id\":\"https:\/\/www.willeague.com\/it\/#website\"},\"datePublished\":\"2020-11-10T11:26:27+00:00\",\"dateModified\":\"2023-11-20T15:34:02+00:00\",\"breadcrumb\":{\"@id\":\"https:\/\/www.willeague.com\/it\/vision-mission\/#breadcrumb\"},\"inLanguage\":\"it-IT\",\"potentialAction\":[{\"@type\":\"ReadAction\",\"target\":[\"https:\/\/www.willeague.com\/it\/vision-mission\/\"]}]},{\"@type\":\"BreadcrumbList\",\"@id\":\"https:\/\/www.willeague.com\/it\/vision-mission\/#breadcrumb\",\"itemListElement\":[{\"@type\":\"ListItem\",\"position\":1,\"name\":\"Home\",\"item\":\"https:\/\/www.willeague.com\/it\/\"},{\"@type\":\"ListItem\",\"position\":2,\"name\":\"Vision&#038;Mission\"}]},{\"@type\":\"WebSite\",\"@id\":\"https:\/\/www.willeague.com\/it\/#website\",\"url\":\"https:\/\/www.willeague.com\/it\/\",\"name\":\"Willeague\",\"description\":\"Worldwide Indipendent Lawyer League\",\"publisher\":{\"@id\":\"https:\/\/www.willeague.com\/it\/#organization\"},\"potentialAction\":[{\"@type\":\"SearchAction\",\"target\":{\"@type\":\"EntryPoint\",\"urlTemplate\":\"https:\/\/www.willeague.com\/it\/?s={search_term_string}\"},\"query-input\":{\"@type\":\"PropertyValueSpecification\",\"valueRequired\":true,\"valueName\":\"search_term_string\"}}],\"inLanguage\":\"it-IT\"},{\"@type\":\"Organization\",\"@id\":\"https:\/\/www.willeague.com\/it\/#organization\",\"name\":\"Willeague\",\"url\":\"https:\/\/www.willeague.com\/it\/\",\"logo\":{\"@type\":\"ImageObject\",\"inLanguage\":\"it-IT\",\"@id\":\"https:\/\/www.willeague.com\/it\/#\/schema\/logo\/image\/\",\"url\":\"https:\/\/www.willeague.com\/wp-content\/uploads\/2020\/04\/Logo-1x.png\",\"contentUrl\":\"https:\/\/www.willeague.com\/wp-content\/uploads\/2020\/04\/Logo-1x.png\",\"width\":170,\"height\":32,\"caption\":\"Willeague\"},\"image\":{\"@id\":\"https:\/\/www.willeague.com\/it\/#\/schema\/logo\/image\/\"}}]}<\/script>\n<!-- \/ Yoast SEO plugin. -->","yoast_head_json":{"title":"Vision&Mission - Willeague","robots":{"index":"index","follow":"follow","max-snippet":"max-snippet:-1","max-image-preview":"max-image-preview:large","max-video-preview":"max-video-preview:-1"},"canonical":"https:\/\/www.willeague.com\/it\/vision-mission\/","og_locale":"it_IT","og_type":"article","og_title":"Vision&Mission - Willeague","og_url":"https:\/\/www.willeague.com\/it\/vision-mission\/","og_site_name":"Willeague","article_modified_time":"2023-11-20T15:34:02+00:00","twitter_card":"summary_large_image","twitter_misc":{"Tempo di lettura stimato":"5 minuti"},"schema":{"@context":"https:\/\/schema.org","@graph":[{"@type":"WebPage","@id":"https:\/\/www.willeague.com\/it\/vision-mission\/","url":"https:\/\/www.willeague.com\/it\/vision-mission\/","name":"Vision&Mission - Willeague","isPartOf":{"@id":"https:\/\/www.willeague.com\/it\/#website"},"datePublished":"2020-11-10T11:26:27+00:00","dateModified":"2023-11-20T15:34:02+00:00","breadcrumb":{"@id":"https:\/\/www.willeague.com\/it\/vision-mission\/#breadcrumb"},"inLanguage":"it-IT","potentialAction":[{"@type":"ReadAction","target":["https:\/\/www.willeague.com\/it\/vision-mission\/"]}]},{"@type":"BreadcrumbList","@id":"https:\/\/www.willeague.com\/it\/vision-mission\/#breadcrumb","itemListElement":[{"@type":"ListItem","position":1,"name":"Home","item":"https:\/\/www.willeague.com\/it\/"},{"@type":"ListItem","position":2,"name":"Vision&#038;Mission"}]},{"@type":"WebSite","@id":"https:\/\/www.willeague.com\/it\/#website","url":"https:\/\/www.willeague.com\/it\/","name":"Willeague","description":"Worldwide Indipendent Lawyer League","publisher":{"@id":"https:\/\/www.willeague.com\/it\/#organization"},"potentialAction":[{"@type":"SearchAction","target":{"@type":"EntryPoint","urlTemplate":"https:\/\/www.willeague.com\/it\/?s={search_term_string}"},"query-input":{"@type":"PropertyValueSpecification","valueRequired":true,"valueName":"search_term_string"}}],"inLanguage":"it-IT"},{"@type":"Organization","@id":"https:\/\/www.willeague.com\/it\/#organization","name":"Willeague","url":"https:\/\/www.willeague.com\/it\/","logo":{"@type":"ImageObject","inLanguage":"it-IT","@id":"https:\/\/www.willeague.com\/it\/#\/schema\/logo\/image\/","url":"https:\/\/www.willeague.com\/wp-content\/uploads\/2020\/04\/Logo-1x.png","contentUrl":"https:\/\/www.willeague.com\/wp-content\/uploads\/2020\/04\/Logo-1x.png","width":170,"height":32,"caption":"Willeague"},"image":{"@id":"https:\/\/www.willeague.com\/it\/#\/schema\/logo\/image\/"}}]}},"_links":{"self":[{"href":"https:\/\/www.willeague.com\/it\/wp-json\/wp\/v2\/pages\/701"}],"collection":[{"href":"https:\/\/www.willeague.com\/it\/wp-json\/wp\/v2\/pages"}],"about":[{"href":"https:\/\/www.willeague.com\/it\/wp-json\/wp\/v2\/types\/page"}],"author":[{"embeddable":true,"href":"https:\/\/www.willeague.com\/it\/wp-json\/wp\/v2\/users\/4"}],"replies":[{"embeddable":true,"href":"https:\/\/www.willeague.com\/it\/wp-json\/wp\/v2\/comments?post=701"}],"version-history":[{"count":26,"href":"https:\/\/www.willeague.com\/it\/wp-json\/wp\/v2\/pages\/701\/revisions"}],"predecessor-version":[{"id":5653,"href":"https:\/\/www.willeague.com\/it\/wp-json\/wp\/v2\/pages\/701\/revisions\/5653"}],"wp:attachment":[{"href":"https:\/\/www.willeague.com\/it\/wp-json\/wp\/v2\/media?parent=701"}],"curies":[{"name":"wp","href":"https:\/\/api.w.org\/{rel}","templated":true}]}}