{"id":1224,"date":"2021-06-01T11:28:54","date_gmt":"2021-06-01T09:28:54","guid":{"rendered":"https:\/\/www.willeague.com\/?page_id=1224"},"modified":"2022-11-07T17:53:28","modified_gmt":"2022-11-07T16:53:28","slug":"diritto-amministrativo","status":"publish","type":"page","link":"https:\/\/www.willeague.com\/it\/diritto-amministrativo\/","title":{"rendered":"Diritto amministrativo"},"content":{"rendered":"<p><div class=\"fusion-fullwidth fullwidth-box fusion-builder-row-1 fusion-flex-container has-pattern-background has-mask-background nonhundred-percent-fullwidth non-hundred-percent-height-scrolling\" style=\"--awb-border-radius-top-left:0px;--awb-border-radius-top-right:0px;--awb-border-radius-bottom-right:0px;--awb-border-radius-bottom-left:0px;--awb-padding-top:0px;--awb-padding-bottom:0px;--awb-flex-wrap:wrap;\" ><div class=\"fusion-builder-row fusion-row fusion-flex-align-items-flex-start fusion-flex-content-wrap\" style=\"max-width:1248px;margin-left: calc(-4% \/ 2 );margin-right: calc(-4% \/ 2 );\"><div class=\"fusion-layout-column fusion_builder_column fusion-builder-column-0 fusion_builder_column_1_1 1_1 fusion-flex-column\" style=\"--awb-bg-size:cover;--awb-width-large:100%;--awb-margin-top-large:0px;--awb-spacing-right-large:1.92%;--awb-margin-bottom-large:20px;--awb-spacing-left-large:1.92%;--awb-width-medium:100%;--awb-order-medium:0;--awb-spacing-right-medium:1.92%;--awb-spacing-left-medium:1.92%;--awb-width-small:100%;--awb-order-small:0;--awb-spacing-right-small:1.92%;--awb-spacing-left-small:1.92%;\"><div class=\"fusion-column-wrapper fusion-column-has-shadow fusion-flex-justify-content-flex-start fusion-content-layout-column\"><div class=\"fusion-text fusion-text-1\" style=\"--awb-font-size:20px;\"><p>La <strong>pubblica amministrazione<\/strong> svolge la propria attivit\u00e0 negli interessi della collettivit\u00e0 e agisce secondo finalit\u00e0 di efficienza e di risparmio. Tuttavia a volte nasce la necessit\u00e0 di ripristinare l\u2019armonia tra ci\u00f2 che rappresenta e i cittadini.<\/p>\n<p>Gli Avvocati di <strong>WILL<\/strong> prestano assistenza giudiziale e stragiudiziale nell\u2019ambito del <strong>diritto amministrativo<\/strong>, in particolare nel settore degli appalti pubblici, degli espropri e nella definizione degli indennizzi, dei servizi pubblici quali il servizio idrico integrato, il trattamento\u00a0dei rifiuti, i trasporti pubblici, l\u2019urbanistica e l\u2019edilizia.<\/p>\n<p>Sono specializzati anche in diritto dell\u2019<strong>ambiente<\/strong> e assistono privati e aziende in tema di bonifica dei siti inquinati, inquinamento delle acque da rumori e odori e in materia di economia circolare e di sostenibilit\u00e0 ambientale.<\/p>\n<p>I nostri specialisti, inoltre, hanno <strong>esperienza specifica e pluriennale<\/strong> nel contenzioso davanti alle giurisdizioni amministrative di ogni grado e davanti alla Corte dei Conti per la responsabilit\u00e0 amministrativa degli agenti contabili, degli amministratori e dei funzionari pubblici.<\/p>\n<\/div><\/div><\/div><\/div><\/div><div class=\"fusion-fullwidth fullwidth-box fusion-builder-row-2 fusion-flex-container nonhundred-percent-fullwidth non-hundred-percent-height-scrolling fusion-no-small-visibility fusion-no-medium-visibility\" style=\"--awb-border-radius-top-left:0px;--awb-border-radius-top-right:0px;--awb-border-radius-bottom-right:0px;--awb-border-radius-bottom-left:0px;--awb-padding-top:50px;--awb-flex-wrap:wrap;\" ><div class=\"fusion-builder-row fusion-row fusion-flex-align-items-flex-start fusion-flex-content-wrap\" style=\"max-width:1248px;margin-left: calc(-4% \/ 2 );margin-right: calc(-4% \/ 2 );\"><div class=\"fusion-layout-column fusion_builder_column fusion-builder-column-1 fusion_builder_column_1_1 1_1 fusion-flex-column\" style=\"--awb-bg-position:center center;--awb-bg-size:cover;--awb-width-large:100%;--awb-margin-top-large:0px;--awb-spacing-right-large:1.92%;--awb-margin-bottom-large:20px;--awb-spacing-left-large:1.92%;--awb-width-medium:100%;--awb-spacing-right-medium:1.92%;--awb-spacing-left-medium:1.92%;--awb-width-small:100%;--awb-spacing-right-small:1.92%;--awb-spacing-left-small:1.92%;\"><div class=\"fusion-column-wrapper lazyload fusion-column-has-shadow fusion-flex-justify-content-flex-start fusion-content-layout-column fusion-column-has-bg-image\" data-bg-url=\"https:\/\/www.willeague.com\/wp-content\/uploads\/2020\/04\/Banner-counter.jpg\" data-bg=\"https:\/\/www.willeague.com\/wp-content\/uploads\/2020\/04\/Banner-counter.jpg\"><div class=\"fusion-counters-box counters-box row fusion-clearfix fusion-columns-4\" style=\"--awb-body-color:#ffffff;--awb-body-size:25;--awb-border-color:rgba(255,255,255,0);--awb-color:#ffffff;--awb-title-size:55;--awb-icon-size:45;--awb-border-color:rgba(255,255,255,0);\"><div class=\"fusion-counter-box fusion-column col-counter-box counter-box-wrapper col-lg-3 col-md-3 col-sm-3 fusion-counter-box-icon-top\" data-animationOffset=\"top-into-view\"><div class=\"counter-box-container\"><div class=\"content-box-percentage content-box-counter\"><span class=\"display-counter\" data-value=\"400\" data-direction=\"up\" data-decimals=\"0\">0<\/span><span class=\"unit\">+<\/span><\/div><div class=\"counter-box-content\">Affiliati<\/div><\/div><\/div><div class=\"fusion-counter-box fusion-column col-counter-box counter-box-wrapper col-lg-3 col-md-3 col-sm-3 fusion-counter-box-icon-top\" data-animationOffset=\"top-into-view\"><div class=\"counter-box-container\"><div class=\"content-box-percentage content-box-counter\"><span class=\"display-counter\" data-value=\"75\" data-direction=\"up\" data-decimals=\"0\">0<\/span><\/div><div class=\"counter-box-content\">Paesi<\/div><\/div><\/div><div class=\"fusion-counter-box fusion-column col-counter-box counter-box-wrapper col-lg-3 col-md-3 col-sm-3 fusion-counter-box-icon-top\" data-animationOffset=\"top-into-view\"><div class=\"counter-box-container\"><div class=\"content-box-percentage content-box-counter\"><span class=\"display-counter\" data-value=\"+8000\" data-direction=\"up\" data-decimals=\"0\">0<\/span><span class=\"unit\">+<\/span><\/div><div class=\"counter-box-content\">Anni di esperienza<\/div><\/div><\/div><div class=\"fusion-counter-box fusion-column col-counter-box counter-box-wrapper col-lg-3 col-md-3 col-sm-3 fusion-counter-box-icon-top\" data-animationOffset=\"top-into-view\"><div class=\"counter-box-container\"><div class=\"content-box-percentage content-box-counter\"><span class=\"display-counter\" data-value=\"60\" data-direction=\"up\" data-decimals=\"0\">0<\/span><span class=\"unit\">+<\/span><\/div><div class=\"counter-box-content\">Lingue parlate<\/div><\/div><\/div><\/div><\/div><\/div><\/div><\/div>\n<\/p>\n","protected":false},"excerpt":{"rendered":"","protected":false},"author":1,"featured_media":0,"parent":0,"menu_order":0,"comment_status":"closed","ping_status":"closed","template":"","meta":{"_acf_changed":false,"footnotes":""},"class_list":["post-1224","page","type-page","status-publish","hentry"],"acf":[],"yoast_head":"<!-- This site is optimized with the Yoast SEO plugin v25.6 - https:\/\/yoast.com\/wordpress\/plugins\/seo\/ -->\n<title>Diritto amministrativo - Willeague<\/title>\n<meta name=\"robots\" content=\"index, follow, max-snippet:-1, max-image-preview:large, max-video-preview:-1\" \/>\n<link rel=\"canonical\" href=\"https:\/\/www.willeague.com\/it\/diritto-amministrativo\/\" \/>\n<meta property=\"og:locale\" content=\"it_IT\" \/>\n<meta property=\"og:type\" content=\"article\" \/>\n<meta property=\"og:title\" content=\"Diritto amministrativo - Willeague\" \/>\n<meta property=\"og:url\" content=\"https:\/\/www.willeague.com\/it\/diritto-amministrativo\/\" \/>\n<meta property=\"og:site_name\" content=\"Willeague\" \/>\n<meta property=\"article:modified_time\" content=\"2022-11-07T16:53:28+00:00\" \/>\n<meta name=\"twitter:card\" content=\"summary_large_image\" \/>\n<meta name=\"twitter:label1\" content=\"Tempo di lettura stimato\" \/>\n\t<meta name=\"twitter:data1\" content=\"3 minuti\" \/>\n<script type=\"application\/ld+json\" class=\"yoast-schema-graph\">{\"@context\":\"https:\/\/schema.org\",\"@graph\":[{\"@type\":\"WebPage\",\"@id\":\"https:\/\/www.willeague.com\/it\/diritto-amministrativo\/\",\"url\":\"https:\/\/www.willeague.com\/it\/diritto-amministrativo\/\",\"name\":\"Diritto amministrativo - Willeague\",\"isPartOf\":{\"@id\":\"https:\/\/www.willeague.com\/it\/#website\"},\"datePublished\":\"2021-06-01T09:28:54+00:00\",\"dateModified\":\"2022-11-07T16:53:28+00:00\",\"breadcrumb\":{\"@id\":\"https:\/\/www.willeague.com\/it\/diritto-amministrativo\/#breadcrumb\"},\"inLanguage\":\"it-IT\",\"potentialAction\":[{\"@type\":\"ReadAction\",\"target\":[\"https:\/\/www.willeague.com\/it\/diritto-amministrativo\/\"]}]},{\"@type\":\"BreadcrumbList\",\"@id\":\"https:\/\/www.willeague.com\/it\/diritto-amministrativo\/#breadcrumb\",\"itemListElement\":[{\"@type\":\"ListItem\",\"position\":1,\"name\":\"Home\",\"item\":\"https:\/\/www.willeague.com\/it\/\"},{\"@type\":\"ListItem\",\"position\":2,\"name\":\"Diritto amministrativo\"}]},{\"@type\":\"WebSite\",\"@id\":\"https:\/\/www.willeague.com\/it\/#website\",\"url\":\"https:\/\/www.willeague.com\/it\/\",\"name\":\"Willeague\",\"description\":\"Worldwide Indipendent Lawyer League\",\"publisher\":{\"@id\":\"https:\/\/www.willeague.com\/it\/#organization\"},\"potentialAction\":[{\"@type\":\"SearchAction\",\"target\":{\"@type\":\"EntryPoint\",\"urlTemplate\":\"https:\/\/www.willeague.com\/it\/?s={search_term_string}\"},\"query-input\":{\"@type\":\"PropertyValueSpecification\",\"valueRequired\":true,\"valueName\":\"search_term_string\"}}],\"inLanguage\":\"it-IT\"},{\"@type\":\"Organization\",\"@id\":\"https:\/\/www.willeague.com\/it\/#organization\",\"name\":\"Willeague\",\"url\":\"https:\/\/www.willeague.com\/it\/\",\"logo\":{\"@type\":\"ImageObject\",\"inLanguage\":\"it-IT\",\"@id\":\"https:\/\/www.willeague.com\/it\/#\/schema\/logo\/image\/\",\"url\":\"https:\/\/www.willeague.com\/wp-content\/uploads\/2020\/04\/Logo-1x.png\",\"contentUrl\":\"https:\/\/www.willeague.com\/wp-content\/uploads\/2020\/04\/Logo-1x.png\",\"width\":170,\"height\":32,\"caption\":\"Willeague\"},\"image\":{\"@id\":\"https:\/\/www.willeague.com\/it\/#\/schema\/logo\/image\/\"}}]}<\/script>\n<!-- \/ Yoast SEO plugin. -->","yoast_head_json":{"title":"Diritto amministrativo - Willeague","robots":{"index":"index","follow":"follow","max-snippet":"max-snippet:-1","max-image-preview":"max-image-preview:large","max-video-preview":"max-video-preview:-1"},"canonical":"https:\/\/www.willeague.com\/it\/diritto-amministrativo\/","og_locale":"it_IT","og_type":"article","og_title":"Diritto amministrativo - Willeague","og_url":"https:\/\/www.willeague.com\/it\/diritto-amministrativo\/","og_site_name":"Willeague","article_modified_time":"2022-11-07T16:53:28+00:00","twitter_card":"summary_large_image","twitter_misc":{"Tempo di lettura stimato":"3 minuti"},"schema":{"@context":"https:\/\/schema.org","@graph":[{"@type":"WebPage","@id":"https:\/\/www.willeague.com\/it\/diritto-amministrativo\/","url":"https:\/\/www.willeague.com\/it\/diritto-amministrativo\/","name":"Diritto amministrativo - Willeague","isPartOf":{"@id":"https:\/\/www.willeague.com\/it\/#website"},"datePublished":"2021-06-01T09:28:54+00:00","dateModified":"2022-11-07T16:53:28+00:00","breadcrumb":{"@id":"https:\/\/www.willeague.com\/it\/diritto-amministrativo\/#breadcrumb"},"inLanguage":"it-IT","potentialAction":[{"@type":"ReadAction","target":["https:\/\/www.willeague.com\/it\/diritto-amministrativo\/"]}]},{"@type":"BreadcrumbList","@id":"https:\/\/www.willeague.com\/it\/diritto-amministrativo\/#breadcrumb","itemListElement":[{"@type":"ListItem","position":1,"name":"Home","item":"https:\/\/www.willeague.com\/it\/"},{"@type":"ListItem","position":2,"name":"Diritto amministrativo"}]},{"@type":"WebSite","@id":"https:\/\/www.willeague.com\/it\/#website","url":"https:\/\/www.willeague.com\/it\/","name":"Willeague","description":"Worldwide Indipendent Lawyer League","publisher":{"@id":"https:\/\/www.willeague.com\/it\/#organization"},"potentialAction":[{"@type":"SearchAction","target":{"@type":"EntryPoint","urlTemplate":"https:\/\/www.willeague.com\/it\/?s={search_term_string}"},"query-input":{"@type":"PropertyValueSpecification","valueRequired":true,"valueName":"search_term_string"}}],"inLanguage":"it-IT"},{"@type":"Organization","@id":"https:\/\/www.willeague.com\/it\/#organization","name":"Willeague","url":"https:\/\/www.willeague.com\/it\/","logo":{"@type":"ImageObject","inLanguage":"it-IT","@id":"https:\/\/www.willeague.com\/it\/#\/schema\/logo\/image\/","url":"https:\/\/www.willeague.com\/wp-content\/uploads\/2020\/04\/Logo-1x.png","contentUrl":"https:\/\/www.willeague.com\/wp-content\/uploads\/2020\/04\/Logo-1x.png","width":170,"height":32,"caption":"Willeague"},"image":{"@id":"https:\/\/www.willeague.com\/it\/#\/schema\/logo\/image\/"}}]}},"_links":{"self":[{"href":"https:\/\/www.willeague.com\/it\/wp-json\/wp\/v2\/pages\/1224"}],"collection":[{"href":"https:\/\/www.willeague.com\/it\/wp-json\/wp\/v2\/pages"}],"about":[{"href":"https:\/\/www.willeague.com\/it\/wp-json\/wp\/v2\/types\/page"}],"author":[{"embeddable":true,"href":"https:\/\/www.willeague.com\/it\/wp-json\/wp\/v2\/users\/1"}],"replies":[{"embeddable":true,"href":"https:\/\/www.willeague.com\/it\/wp-json\/wp\/v2\/comments?post=1224"}],"version-history":[{"count":2,"href":"https:\/\/www.willeague.com\/it\/wp-json\/wp\/v2\/pages\/1224\/revisions"}],"predecessor-version":[{"id":3059,"href":"https:\/\/www.willeague.com\/it\/wp-json\/wp\/v2\/pages\/1224\/revisions\/3059"}],"wp:attachment":[{"href":"https:\/\/www.willeague.com\/it\/wp-json\/wp\/v2\/media?parent=1224"}],"curies":[{"name":"wp","href":"https:\/\/api.w.org\/{rel}","templated":true}]}}