{"id":4842,"date":"2020-11-12T09:32:21","date_gmt":"2020-11-12T08:32:21","guid":{"rendered":"https:\/\/www.willeague.com\/labor-law\/"},"modified":"2023-05-25T08:43:10","modified_gmt":"2023-05-25T06:43:10","slug":"derecho-laboral","status":"publish","type":"page","link":"https:\/\/www.willeague.com\/es\/derecho-laboral\/","title":{"rendered":"Derecho laboral"},"content":{"rendered":"<p><div class=\"fusion-fullwidth fullwidth-box fusion-builder-row-1 fusion-flex-container has-pattern-background has-mask-background nonhundred-percent-fullwidth non-hundred-percent-height-scrolling\" style=\"--awb-border-radius-top-left:0px;--awb-border-radius-top-right:0px;--awb-border-radius-bottom-right:0px;--awb-border-radius-bottom-left:0px;--awb-padding-top:0px;--awb-padding-bottom:0px;--awb-flex-wrap:wrap;\" ><div class=\"fusion-builder-row fusion-row fusion-flex-align-items-flex-start fusion-flex-content-wrap\" style=\"max-width:1248px;margin-left: calc(-4% \/ 2 );margin-right: calc(-4% \/ 2 );\"><div class=\"fusion-layout-column fusion_builder_column fusion-builder-column-0 fusion_builder_column_1_1 1_1 fusion-flex-column\" style=\"--awb-bg-size:cover;--awb-width-large:100%;--awb-margin-top-large:0px;--awb-spacing-right-large:1.92%;--awb-margin-bottom-large:20px;--awb-spacing-left-large:1.92%;--awb-width-medium:100%;--awb-order-medium:0;--awb-spacing-right-medium:1.92%;--awb-spacing-left-medium:1.92%;--awb-width-small:100%;--awb-order-small:0;--awb-spacing-right-small:1.92%;--awb-spacing-left-small:1.92%;\"><div class=\"fusion-column-wrapper fusion-column-has-shadow fusion-flex-justify-content-flex-start fusion-content-layout-column\"><div class=\"fusion-text fusion-text-1\" style=\"--awb-font-size:20px;\"><p>\u00bfTe han despedido sin causa justificada?\u00a0\u00bfNecesitas actualizar los contratos laborales de tus empleados?<\/p>\n<p>Los abogados de WILL especializados en derecho laboral tienen muchos a\u00f1os de experiencia en el \u00e1mbito del derecho laboral y de los derechos sindicales y ejercen\u00a0defendiendo tanto a<strong> empleados como a empresarios<\/strong>.\u00a0Nuestros profesionales pueden prestar su asesoramiento d\u00eda a d\u00eda, redactando los contratos de trabajo, ayudando a los empresarios en caso de despido o regulaci\u00f3n de empleo y tambi\u00e9n actuando de enlace en las relaciones con<strong> los sindicatos y los organismos de control<\/strong>.<\/p>\n<p>Gracias a la amplia red de colegas, WILL tambi\u00e9n puede ofrecer soluciones eficaces en cuestiones de derecho laboral que impliquen <strong>los sistemas jur\u00eddicos de varios pa\u00edses<\/strong>.<\/p>\n<p>Nuestros abogados especializados en derecho laboral tambi\u00e9n cuentan con una vasta experiencia en la resoluci\u00f3n de <strong>litigios nacionales e internacionales<\/strong>\u00a0en materia de derecho laboral.<\/p>\n<\/div><\/div><\/div><\/div><\/div><div class=\"fusion-fullwidth fullwidth-box fusion-builder-row-2 fusion-flex-container nonhundred-percent-fullwidth non-hundred-percent-height-scrolling\" style=\"--awb-border-radius-top-left:0px;--awb-border-radius-top-right:0px;--awb-border-radius-bottom-right:0px;--awb-border-radius-bottom-left:0px;--awb-flex-wrap:wrap;\" ><div class=\"fusion-builder-row fusion-row fusion-flex-align-items-flex-start fusion-flex-content-wrap\" style=\"max-width:1248px;margin-left: calc(-4% \/ 2 );margin-right: calc(-4% \/ 2 );\"><div class=\"fusion-layout-column fusion_builder_column fusion-builder-column-1 fusion_builder_column_1_1 1_1 fusion-flex-column\" style=\"--awb-bg-size:cover;--awb-width-large:100%;--awb-margin-top-large:0px;--awb-spacing-right-large:1.92%;--awb-margin-bottom-large:0px;--awb-spacing-left-large:1.92%;--awb-width-medium:100%;--awb-order-medium:0;--awb-spacing-right-medium:1.92%;--awb-spacing-left-medium:1.92%;--awb-width-small:100%;--awb-order-small:0;--awb-spacing-right-small:1.92%;--awb-spacing-left-small:1.92%;\" data-scroll-devices=\"small-visibility,medium-visibility,large-visibility\"><div class=\"fusion-column-wrapper lazyload fusion-column-has-shadow fusion-flex-justify-content-flex-start fusion-content-layout-column fusion-column-has-bg-image\" data-bg-url=\"https:\/\/www.willeague.com\/wp-content\/uploads\/2020\/04\/Banner-counter.jpg\" data-bg=\"https:\/\/www.willeague.com\/wp-content\/uploads\/2020\/04\/Banner-counter.jpg\"><div class=\"fusion-counters-box counters-box row fusion-clearfix fusion-columns-4\" style=\"--awb-body-color:#ffffff;--awb-body-size:25;--awb-border-color:rgba(255,255,255,0);--awb-color:#ffffff;--awb-title-size:55;--awb-icon-size:45;--awb-border-color:rgba(255,255,255,0);\"><div class=\"fusion-counter-box fusion-column col-counter-box counter-box-wrapper col-lg-3 col-md-3 col-sm-3 fusion-counter-box-icon-top\" data-animationOffset=\"top-into-view\"><div class=\"counter-box-container\"><div class=\"content-box-percentage content-box-counter\"><span class=\"display-counter\" data-value=\"400\" data-direction=\"up\" data-decimals=\"0\">0<\/span><span class=\"unit\">+<\/span><\/div><div class=\"counter-box-content\">Afiliados<\/div><\/div><\/div><div class=\"fusion-counter-box fusion-column col-counter-box counter-box-wrapper col-lg-3 col-md-3 col-sm-3 fusion-counter-box-icon-top\" data-animationOffset=\"top-into-view\"><div class=\"counter-box-container\"><div class=\"content-box-percentage content-box-counter\"><span class=\"display-counter\" data-value=\"75\" data-direction=\"up\" data-decimals=\"0\">0<\/span><\/div><div class=\"counter-box-content\">Pa\u00edses<\/div><\/div><\/div><div class=\"fusion-counter-box fusion-column col-counter-box counter-box-wrapper col-lg-3 col-md-3 col-sm-3 fusion-counter-box-icon-top\" data-animationOffset=\"top-into-view\"><div class=\"counter-box-container\"><div class=\"content-box-percentage content-box-counter\"><span class=\"display-counter\" data-value=\"+8000\" data-direction=\"up\" data-decimals=\"0\">0<\/span><span class=\"unit\">+<\/span><\/div><div class=\"counter-box-content\">A\u00f1os de experiencia<\/div><\/div><\/div><div class=\"fusion-counter-box fusion-column col-counter-box counter-box-wrapper col-lg-3 col-md-3 col-sm-3 fusion-counter-box-icon-top\" data-animationOffset=\"top-into-view\"><div class=\"counter-box-container\"><div class=\"content-box-percentage content-box-counter\"><span class=\"display-counter\" data-value=\"60\" data-direction=\"up\" data-decimals=\"0\">0<\/span><span class=\"unit\">+<\/span><\/div><div class=\"counter-box-content\">Idiomas hablados<\/div><\/div><\/div><\/div><\/div><\/div><\/div><\/div>\n<\/p>\n","protected":false},"excerpt":{"rendered":"","protected":false},"author":4,"featured_media":0,"parent":0,"menu_order":0,"comment_status":"closed","ping_status":"closed","template":"","meta":{"_acf_changed":false,"footnotes":""},"class_list":["post-4842","page","type-page","status-publish","hentry"],"acf":[],"yoast_head":"<!-- This site is optimized with the Yoast SEO plugin v25.6 - https:\/\/yoast.com\/wordpress\/plugins\/seo\/ -->\n<title>Derecho laboral - Willeague<\/title>\n<meta name=\"robots\" content=\"index, follow, max-snippet:-1, max-image-preview:large, max-video-preview:-1\" \/>\n<link rel=\"canonical\" href=\"https:\/\/www.willeague.com\/es\/derecho-laboral\/\" \/>\n<meta property=\"og:locale\" content=\"es_ES\" \/>\n<meta property=\"og:type\" content=\"article\" \/>\n<meta property=\"og:title\" content=\"Derecho laboral - Willeague\" \/>\n<meta property=\"og:url\" content=\"https:\/\/www.willeague.com\/es\/derecho-laboral\/\" \/>\n<meta property=\"og:site_name\" content=\"Willeague\" \/>\n<meta property=\"article:modified_time\" content=\"2023-05-25T06:43:10+00:00\" \/>\n<meta name=\"twitter:card\" content=\"summary_large_image\" \/>\n<meta name=\"twitter:label1\" content=\"Tiempo de lectura\" \/>\n\t<meta name=\"twitter:data1\" content=\"3 minutos\" \/>\n<script type=\"application\/ld+json\" class=\"yoast-schema-graph\">{\"@context\":\"https:\/\/schema.org\",\"@graph\":[{\"@type\":\"WebPage\",\"@id\":\"https:\/\/www.willeague.com\/es\/derecho-laboral\/\",\"url\":\"https:\/\/www.willeague.com\/es\/derecho-laboral\/\",\"name\":\"Derecho laboral - Willeague\",\"isPartOf\":{\"@id\":\"https:\/\/www.willeague.com\/es\/#website\"},\"datePublished\":\"2020-11-12T08:32:21+00:00\",\"dateModified\":\"2023-05-25T06:43:10+00:00\",\"breadcrumb\":{\"@id\":\"https:\/\/www.willeague.com\/es\/derecho-laboral\/#breadcrumb\"},\"inLanguage\":\"es\",\"potentialAction\":[{\"@type\":\"ReadAction\",\"target\":[\"https:\/\/www.willeague.com\/es\/derecho-laboral\/\"]}]},{\"@type\":\"BreadcrumbList\",\"@id\":\"https:\/\/www.willeague.com\/es\/derecho-laboral\/#breadcrumb\",\"itemListElement\":[{\"@type\":\"ListItem\",\"position\":1,\"name\":\"Home\",\"item\":\"https:\/\/www.willeague.com\/es\/\"},{\"@type\":\"ListItem\",\"position\":2,\"name\":\"Derecho laboral\"}]},{\"@type\":\"WebSite\",\"@id\":\"https:\/\/www.willeague.com\/es\/#website\",\"url\":\"https:\/\/www.willeague.com\/es\/\",\"name\":\"Willeague\",\"description\":\"Worldwide Indipendent Lawyer League\",\"publisher\":{\"@id\":\"https:\/\/www.willeague.com\/es\/#organization\"},\"potentialAction\":[{\"@type\":\"SearchAction\",\"target\":{\"@type\":\"EntryPoint\",\"urlTemplate\":\"https:\/\/www.willeague.com\/es\/?s={search_term_string}\"},\"query-input\":{\"@type\":\"PropertyValueSpecification\",\"valueRequired\":true,\"valueName\":\"search_term_string\"}}],\"inLanguage\":\"es\"},{\"@type\":\"Organization\",\"@id\":\"https:\/\/www.willeague.com\/es\/#organization\",\"name\":\"Willeague\",\"url\":\"https:\/\/www.willeague.com\/es\/\",\"logo\":{\"@type\":\"ImageObject\",\"inLanguage\":\"es\",\"@id\":\"https:\/\/www.willeague.com\/es\/#\/schema\/logo\/image\/\",\"url\":\"https:\/\/www.willeague.com\/wp-content\/uploads\/2020\/04\/Logo-1x.png\",\"contentUrl\":\"https:\/\/www.willeague.com\/wp-content\/uploads\/2020\/04\/Logo-1x.png\",\"width\":170,\"height\":32,\"caption\":\"Willeague\"},\"image\":{\"@id\":\"https:\/\/www.willeague.com\/es\/#\/schema\/logo\/image\/\"}}]}<\/script>\n<!-- \/ Yoast SEO plugin. -->","yoast_head_json":{"title":"Derecho laboral - Willeague","robots":{"index":"index","follow":"follow","max-snippet":"max-snippet:-1","max-image-preview":"max-image-preview:large","max-video-preview":"max-video-preview:-1"},"canonical":"https:\/\/www.willeague.com\/es\/derecho-laboral\/","og_locale":"es_ES","og_type":"article","og_title":"Derecho laboral - Willeague","og_url":"https:\/\/www.willeague.com\/es\/derecho-laboral\/","og_site_name":"Willeague","article_modified_time":"2023-05-25T06:43:10+00:00","twitter_card":"summary_large_image","twitter_misc":{"Tiempo de lectura":"3 minutos"},"schema":{"@context":"https:\/\/schema.org","@graph":[{"@type":"WebPage","@id":"https:\/\/www.willeague.com\/es\/derecho-laboral\/","url":"https:\/\/www.willeague.com\/es\/derecho-laboral\/","name":"Derecho laboral - Willeague","isPartOf":{"@id":"https:\/\/www.willeague.com\/es\/#website"},"datePublished":"2020-11-12T08:32:21+00:00","dateModified":"2023-05-25T06:43:10+00:00","breadcrumb":{"@id":"https:\/\/www.willeague.com\/es\/derecho-laboral\/#breadcrumb"},"inLanguage":"es","potentialAction":[{"@type":"ReadAction","target":["https:\/\/www.willeague.com\/es\/derecho-laboral\/"]}]},{"@type":"BreadcrumbList","@id":"https:\/\/www.willeague.com\/es\/derecho-laboral\/#breadcrumb","itemListElement":[{"@type":"ListItem","position":1,"name":"Home","item":"https:\/\/www.willeague.com\/es\/"},{"@type":"ListItem","position":2,"name":"Derecho laboral"}]},{"@type":"WebSite","@id":"https:\/\/www.willeague.com\/es\/#website","url":"https:\/\/www.willeague.com\/es\/","name":"Willeague","description":"Worldwide Indipendent Lawyer League","publisher":{"@id":"https:\/\/www.willeague.com\/es\/#organization"},"potentialAction":[{"@type":"SearchAction","target":{"@type":"EntryPoint","urlTemplate":"https:\/\/www.willeague.com\/es\/?s={search_term_string}"},"query-input":{"@type":"PropertyValueSpecification","valueRequired":true,"valueName":"search_term_string"}}],"inLanguage":"es"},{"@type":"Organization","@id":"https:\/\/www.willeague.com\/es\/#organization","name":"Willeague","url":"https:\/\/www.willeague.com\/es\/","logo":{"@type":"ImageObject","inLanguage":"es","@id":"https:\/\/www.willeague.com\/es\/#\/schema\/logo\/image\/","url":"https:\/\/www.willeague.com\/wp-content\/uploads\/2020\/04\/Logo-1x.png","contentUrl":"https:\/\/www.willeague.com\/wp-content\/uploads\/2020\/04\/Logo-1x.png","width":170,"height":32,"caption":"Willeague"},"image":{"@id":"https:\/\/www.willeague.com\/es\/#\/schema\/logo\/image\/"}}]}},"_links":{"self":[{"href":"https:\/\/www.willeague.com\/es\/wp-json\/wp\/v2\/pages\/4842"}],"collection":[{"href":"https:\/\/www.willeague.com\/es\/wp-json\/wp\/v2\/pages"}],"about":[{"href":"https:\/\/www.willeague.com\/es\/wp-json\/wp\/v2\/types\/page"}],"author":[{"embeddable":true,"href":"https:\/\/www.willeague.com\/es\/wp-json\/wp\/v2\/users\/4"}],"replies":[{"embeddable":true,"href":"https:\/\/www.willeague.com\/es\/wp-json\/wp\/v2\/comments?post=4842"}],"version-history":[{"count":2,"href":"https:\/\/www.willeague.com\/es\/wp-json\/wp\/v2\/pages\/4842\/revisions"}],"predecessor-version":[{"id":4844,"href":"https:\/\/www.willeague.com\/es\/wp-json\/wp\/v2\/pages\/4842\/revisions\/4844"}],"wp:attachment":[{"href":"https:\/\/www.willeague.com\/es\/wp-json\/wp\/v2\/media?parent=4842"}],"curies":[{"name":"wp","href":"https:\/\/api.w.org\/{rel}","templated":true}]}}