{"id":4793,"date":"2020-11-11T16:25:47","date_gmt":"2020-11-11T15:25:47","guid":{"rendered":"https:\/\/www.willeague.com\/mergers-and-acquisition\/"},"modified":"2023-05-24T12:14:10","modified_gmt":"2023-05-24T10:14:10","slug":"fusiones-y-adquisiciones","status":"publish","type":"page","link":"https:\/\/www.willeague.com\/es\/fusiones-y-adquisiciones\/","title":{"rendered":"Fusiones y adquisiciones"},"content":{"rendered":"<p><div class=\"fusion-fullwidth fullwidth-box fusion-builder-row-1 fusion-flex-container has-pattern-background has-mask-background nonhundred-percent-fullwidth non-hundred-percent-height-scrolling\" style=\"--awb-border-radius-top-left:0px;--awb-border-radius-top-right:0px;--awb-border-radius-bottom-right:0px;--awb-border-radius-bottom-left:0px;--awb-padding-top:0px;--awb-padding-bottom:0px;--awb-flex-wrap:wrap;\" ><div class=\"fusion-builder-row fusion-row fusion-flex-align-items-flex-start fusion-flex-content-wrap\" style=\"max-width:1248px;margin-left: calc(-4% \/ 2 );margin-right: calc(-4% \/ 2 );\"><div class=\"fusion-layout-column fusion_builder_column fusion-builder-column-0 fusion_builder_column_1_1 1_1 fusion-flex-column\" style=\"--awb-bg-size:cover;--awb-width-large:100%;--awb-margin-top-large:0px;--awb-spacing-right-large:1.92%;--awb-margin-bottom-large:20px;--awb-spacing-left-large:1.92%;--awb-width-medium:100%;--awb-order-medium:0;--awb-spacing-right-medium:1.92%;--awb-spacing-left-medium:1.92%;--awb-width-small:100%;--awb-order-small:0;--awb-spacing-right-small:1.92%;--awb-spacing-left-small:1.92%;\"><div class=\"fusion-column-wrapper fusion-column-has-shadow fusion-flex-justify-content-flex-start fusion-content-layout-column\"><div class=\"fusion-text fusion-text-1\" style=\"--awb-font-size:20px;\"><p style=\"text-align: left;\">Ninguna transacci\u00f3n es demasiado compleja cuando se cuenta con asesores capaces de aportar soluciones excelentes.<\/p>\n<p style=\"text-align: left;\">Los abogados de WILL cuentan con muchos a\u00f1os de experiencia en la asistencia a sus clientes, en particular en operaciones de fusi\u00f3n y adquisici\u00f3n, escisi\u00f3n, cesi\u00f3n y transferencia de acciones.\u00a0WILL acompa\u00f1a a los empresarios desde las primeras etapas de redacci\u00f3n de las cartas de intenci\u00f3n, los acuerdos de confidencialidad y los acuerdos preliminares hasta la debida diligencia legal, la redacci\u00f3n y la celebraci\u00f3n de acuerdos definitivos.<\/p>\n<p style=\"text-align: left;\">Nuestros profesionales tambi\u00e9n ayudan a los clientes con los aspectos financieros de las transacciones mencionadas.<\/p>\n<p style=\"text-align: left;\">Aunque se trate de\u00a0<strong>transacciones complejas<\/strong>, nuestros profesionales saben c\u00f3mo abordarlas con \u00e9xito y encontrar soluciones excelentes, asegurando la\u00a0<strong>m\u00e1xima protecci\u00f3n posible<\/strong>\u00a0del cliente.\u00a0Su consolidada experiencia en el \u00e1mbito internacional y su capacidad para trabajar en equipo, especialmente en casos en los que las cuestiones jur\u00eddicas involucran\u00a0<strong>sistemas jur\u00eddicos de distintos pa\u00edses del mundo<\/strong>, constituyen la singularidad que distingue a los abogados de WILL.<\/p>\n<\/div><\/div><\/div><\/div><\/div><div class=\"fusion-fullwidth fullwidth-box fusion-builder-row-2 fusion-flex-container nonhundred-percent-fullwidth non-hundred-percent-height-scrolling\" style=\"--awb-border-radius-top-left:0px;--awb-border-radius-top-right:0px;--awb-border-radius-bottom-right:0px;--awb-border-radius-bottom-left:0px;--awb-flex-wrap:wrap;\" ><div class=\"fusion-builder-row fusion-row fusion-flex-align-items-flex-start fusion-flex-content-wrap\" style=\"max-width:1248px;margin-left: calc(-4% \/ 2 );margin-right: calc(-4% \/ 2 );\"><div class=\"fusion-layout-column fusion_builder_column fusion-builder-column-1 fusion_builder_column_1_1 1_1 fusion-flex-column\" style=\"--awb-bg-size:cover;--awb-width-large:100%;--awb-margin-top-large:0px;--awb-spacing-right-large:1.92%;--awb-margin-bottom-large:0px;--awb-spacing-left-large:1.92%;--awb-width-medium:100%;--awb-order-medium:0;--awb-spacing-right-medium:1.92%;--awb-spacing-left-medium:1.92%;--awb-width-small:100%;--awb-order-small:0;--awb-spacing-right-small:1.92%;--awb-spacing-left-small:1.92%;\" data-scroll-devices=\"small-visibility,medium-visibility,large-visibility\"><div class=\"fusion-column-wrapper lazyload fusion-column-has-shadow fusion-flex-justify-content-flex-start fusion-content-layout-column fusion-column-has-bg-image\" data-bg-url=\"https:\/\/www.willeague.com\/wp-content\/uploads\/2020\/04\/Banner-counter.jpg\" data-bg=\"https:\/\/www.willeague.com\/wp-content\/uploads\/2020\/04\/Banner-counter.jpg\"><div class=\"fusion-counters-box counters-box row fusion-clearfix fusion-columns-4\" style=\"--awb-body-color:#ffffff;--awb-body-size:25;--awb-border-color:rgba(255,255,255,0);--awb-color:#ffffff;--awb-title-size:55;--awb-icon-size:45;--awb-border-color:rgba(255,255,255,0);\"><div class=\"fusion-counter-box fusion-column col-counter-box counter-box-wrapper col-lg-3 col-md-3 col-sm-3 fusion-counter-box-icon-top\" data-animationOffset=\"top-into-view\"><div class=\"counter-box-container\"><div class=\"content-box-percentage content-box-counter\"><span class=\"display-counter\" data-value=\"400\" data-direction=\"up\" data-decimals=\"0\">0<\/span><span class=\"unit\">+<\/span><\/div><div class=\"counter-box-content\">Afiliados<\/div><\/div><\/div><div class=\"fusion-counter-box fusion-column col-counter-box counter-box-wrapper col-lg-3 col-md-3 col-sm-3 fusion-counter-box-icon-top\" data-animationOffset=\"top-into-view\"><div class=\"counter-box-container\"><div class=\"content-box-percentage content-box-counter\"><span class=\"display-counter\" data-value=\"75\" data-direction=\"up\" data-decimals=\"0\">0<\/span><\/div><div class=\"counter-box-content\">Pa\u00edses<\/div><\/div><\/div><div class=\"fusion-counter-box fusion-column col-counter-box counter-box-wrapper col-lg-3 col-md-3 col-sm-3 fusion-counter-box-icon-top\" data-animationOffset=\"top-into-view\"><div class=\"counter-box-container\"><div class=\"content-box-percentage content-box-counter\"><span class=\"display-counter\" data-value=\"+8000\" data-direction=\"up\" data-decimals=\"0\">0<\/span><span class=\"unit\">+<\/span><\/div><div class=\"counter-box-content\">A\u00f1os de experiencia<\/div><\/div><\/div><div class=\"fusion-counter-box fusion-column col-counter-box counter-box-wrapper col-lg-3 col-md-3 col-sm-3 fusion-counter-box-icon-top\" data-animationOffset=\"top-into-view\"><div class=\"counter-box-container\"><div class=\"content-box-percentage content-box-counter\"><span class=\"display-counter\" data-value=\"60\" data-direction=\"up\" data-decimals=\"0\">0<\/span><span class=\"unit\">+<\/span><\/div><div class=\"counter-box-content\">Idiomas hablados<\/div><\/div><\/div><\/div><\/div><\/div><\/div><\/div>\n<\/p>\n","protected":false},"excerpt":{"rendered":"","protected":false},"author":4,"featured_media":0,"parent":0,"menu_order":0,"comment_status":"closed","ping_status":"closed","template":"","meta":{"_acf_changed":false,"footnotes":""},"class_list":["post-4793","page","type-page","status-publish","hentry"],"acf":[],"yoast_head":"<!-- This site is optimized with the Yoast SEO plugin v25.6 - https:\/\/yoast.com\/wordpress\/plugins\/seo\/ -->\n<title>Fusiones y adquisiciones - Willeague<\/title>\n<meta name=\"robots\" content=\"index, follow, max-snippet:-1, max-image-preview:large, max-video-preview:-1\" \/>\n<link rel=\"canonical\" href=\"https:\/\/www.willeague.com\/es\/fusiones-y-adquisiciones\/\" \/>\n<meta property=\"og:locale\" content=\"es_ES\" \/>\n<meta property=\"og:type\" content=\"article\" \/>\n<meta property=\"og:title\" content=\"Fusiones y adquisiciones - Willeague\" \/>\n<meta property=\"og:url\" content=\"https:\/\/www.willeague.com\/es\/fusiones-y-adquisiciones\/\" \/>\n<meta property=\"og:site_name\" content=\"Willeague\" \/>\n<meta property=\"article:modified_time\" content=\"2023-05-24T10:14:10+00:00\" \/>\n<meta name=\"twitter:card\" content=\"summary_large_image\" \/>\n<meta name=\"twitter:label1\" content=\"Tiempo de lectura\" \/>\n\t<meta name=\"twitter:data1\" content=\"3 minutos\" \/>\n<script type=\"application\/ld+json\" class=\"yoast-schema-graph\">{\"@context\":\"https:\/\/schema.org\",\"@graph\":[{\"@type\":\"WebPage\",\"@id\":\"https:\/\/www.willeague.com\/es\/fusiones-y-adquisiciones\/\",\"url\":\"https:\/\/www.willeague.com\/es\/fusiones-y-adquisiciones\/\",\"name\":\"Fusiones y adquisiciones - Willeague\",\"isPartOf\":{\"@id\":\"https:\/\/www.willeague.com\/es\/#website\"},\"datePublished\":\"2020-11-11T15:25:47+00:00\",\"dateModified\":\"2023-05-24T10:14:10+00:00\",\"breadcrumb\":{\"@id\":\"https:\/\/www.willeague.com\/es\/fusiones-y-adquisiciones\/#breadcrumb\"},\"inLanguage\":\"es\",\"potentialAction\":[{\"@type\":\"ReadAction\",\"target\":[\"https:\/\/www.willeague.com\/es\/fusiones-y-adquisiciones\/\"]}]},{\"@type\":\"BreadcrumbList\",\"@id\":\"https:\/\/www.willeague.com\/es\/fusiones-y-adquisiciones\/#breadcrumb\",\"itemListElement\":[{\"@type\":\"ListItem\",\"position\":1,\"name\":\"Home\",\"item\":\"https:\/\/www.willeague.com\/es\/\"},{\"@type\":\"ListItem\",\"position\":2,\"name\":\"Fusiones y adquisiciones\"}]},{\"@type\":\"WebSite\",\"@id\":\"https:\/\/www.willeague.com\/es\/#website\",\"url\":\"https:\/\/www.willeague.com\/es\/\",\"name\":\"Willeague\",\"description\":\"Worldwide Indipendent Lawyer League\",\"publisher\":{\"@id\":\"https:\/\/www.willeague.com\/es\/#organization\"},\"potentialAction\":[{\"@type\":\"SearchAction\",\"target\":{\"@type\":\"EntryPoint\",\"urlTemplate\":\"https:\/\/www.willeague.com\/es\/?s={search_term_string}\"},\"query-input\":{\"@type\":\"PropertyValueSpecification\",\"valueRequired\":true,\"valueName\":\"search_term_string\"}}],\"inLanguage\":\"es\"},{\"@type\":\"Organization\",\"@id\":\"https:\/\/www.willeague.com\/es\/#organization\",\"name\":\"Willeague\",\"url\":\"https:\/\/www.willeague.com\/es\/\",\"logo\":{\"@type\":\"ImageObject\",\"inLanguage\":\"es\",\"@id\":\"https:\/\/www.willeague.com\/es\/#\/schema\/logo\/image\/\",\"url\":\"https:\/\/www.willeague.com\/wp-content\/uploads\/2020\/04\/Logo-1x.png\",\"contentUrl\":\"https:\/\/www.willeague.com\/wp-content\/uploads\/2020\/04\/Logo-1x.png\",\"width\":170,\"height\":32,\"caption\":\"Willeague\"},\"image\":{\"@id\":\"https:\/\/www.willeague.com\/es\/#\/schema\/logo\/image\/\"}}]}<\/script>\n<!-- \/ Yoast SEO plugin. -->","yoast_head_json":{"title":"Fusiones y adquisiciones - Willeague","robots":{"index":"index","follow":"follow","max-snippet":"max-snippet:-1","max-image-preview":"max-image-preview:large","max-video-preview":"max-video-preview:-1"},"canonical":"https:\/\/www.willeague.com\/es\/fusiones-y-adquisiciones\/","og_locale":"es_ES","og_type":"article","og_title":"Fusiones y adquisiciones - Willeague","og_url":"https:\/\/www.willeague.com\/es\/fusiones-y-adquisiciones\/","og_site_name":"Willeague","article_modified_time":"2023-05-24T10:14:10+00:00","twitter_card":"summary_large_image","twitter_misc":{"Tiempo de lectura":"3 minutos"},"schema":{"@context":"https:\/\/schema.org","@graph":[{"@type":"WebPage","@id":"https:\/\/www.willeague.com\/es\/fusiones-y-adquisiciones\/","url":"https:\/\/www.willeague.com\/es\/fusiones-y-adquisiciones\/","name":"Fusiones y adquisiciones - Willeague","isPartOf":{"@id":"https:\/\/www.willeague.com\/es\/#website"},"datePublished":"2020-11-11T15:25:47+00:00","dateModified":"2023-05-24T10:14:10+00:00","breadcrumb":{"@id":"https:\/\/www.willeague.com\/es\/fusiones-y-adquisiciones\/#breadcrumb"},"inLanguage":"es","potentialAction":[{"@type":"ReadAction","target":["https:\/\/www.willeague.com\/es\/fusiones-y-adquisiciones\/"]}]},{"@type":"BreadcrumbList","@id":"https:\/\/www.willeague.com\/es\/fusiones-y-adquisiciones\/#breadcrumb","itemListElement":[{"@type":"ListItem","position":1,"name":"Home","item":"https:\/\/www.willeague.com\/es\/"},{"@type":"ListItem","position":2,"name":"Fusiones y adquisiciones"}]},{"@type":"WebSite","@id":"https:\/\/www.willeague.com\/es\/#website","url":"https:\/\/www.willeague.com\/es\/","name":"Willeague","description":"Worldwide Indipendent Lawyer League","publisher":{"@id":"https:\/\/www.willeague.com\/es\/#organization"},"potentialAction":[{"@type":"SearchAction","target":{"@type":"EntryPoint","urlTemplate":"https:\/\/www.willeague.com\/es\/?s={search_term_string}"},"query-input":{"@type":"PropertyValueSpecification","valueRequired":true,"valueName":"search_term_string"}}],"inLanguage":"es"},{"@type":"Organization","@id":"https:\/\/www.willeague.com\/es\/#organization","name":"Willeague","url":"https:\/\/www.willeague.com\/es\/","logo":{"@type":"ImageObject","inLanguage":"es","@id":"https:\/\/www.willeague.com\/es\/#\/schema\/logo\/image\/","url":"https:\/\/www.willeague.com\/wp-content\/uploads\/2020\/04\/Logo-1x.png","contentUrl":"https:\/\/www.willeague.com\/wp-content\/uploads\/2020\/04\/Logo-1x.png","width":170,"height":32,"caption":"Willeague"},"image":{"@id":"https:\/\/www.willeague.com\/es\/#\/schema\/logo\/image\/"}}]}},"_links":{"self":[{"href":"https:\/\/www.willeague.com\/es\/wp-json\/wp\/v2\/pages\/4793"}],"collection":[{"href":"https:\/\/www.willeague.com\/es\/wp-json\/wp\/v2\/pages"}],"about":[{"href":"https:\/\/www.willeague.com\/es\/wp-json\/wp\/v2\/types\/page"}],"author":[{"embeddable":true,"href":"https:\/\/www.willeague.com\/es\/wp-json\/wp\/v2\/users\/4"}],"replies":[{"embeddable":true,"href":"https:\/\/www.willeague.com\/es\/wp-json\/wp\/v2\/comments?post=4793"}],"version-history":[{"count":2,"href":"https:\/\/www.willeague.com\/es\/wp-json\/wp\/v2\/pages\/4793\/revisions"}],"predecessor-version":[{"id":4797,"href":"https:\/\/www.willeague.com\/es\/wp-json\/wp\/v2\/pages\/4793\/revisions\/4797"}],"wp:attachment":[{"href":"https:\/\/www.willeague.com\/es\/wp-json\/wp\/v2\/media?parent=4793"}],"curies":[{"name":"wp","href":"https:\/\/api.w.org\/{rel}","templated":true}]}}