{"id":4786,"date":"2020-11-11T15:42:31","date_gmt":"2020-11-11T14:42:31","guid":{"rendered":"https:\/\/www.willeague.com\/corporate-and-commercial-law\/"},"modified":"2023-05-24T11:39:18","modified_gmt":"2023-05-24T09:39:18","slug":"derecho-corporativo-y-mercantil","status":"publish","type":"page","link":"https:\/\/www.willeague.com\/es\/derecho-corporativo-y-mercantil\/","title":{"rendered":"Derecho corporativo y mercantil"},"content":{"rendered":"<p><div class=\"fusion-fullwidth fullwidth-box fusion-builder-row-1 fusion-flex-container nonhundred-percent-fullwidth non-hundred-percent-height-scrolling\" style=\"--awb-border-radius-top-left:0px;--awb-border-radius-top-right:0px;--awb-border-radius-bottom-right:0px;--awb-border-radius-bottom-left:0px;--awb-flex-wrap:wrap;\" ><div class=\"fusion-builder-row fusion-row fusion-flex-align-items-flex-start fusion-flex-content-wrap\" style=\"max-width:1248px;margin-left: calc(-4% \/ 2 );margin-right: calc(-4% \/ 2 );\"><div class=\"fusion-layout-column fusion_builder_column fusion-builder-column-0 fusion_builder_column_1_1 1_1 fusion-flex-column\" style=\"--awb-bg-size:cover;--awb-width-large:100%;--awb-margin-top-large:0px;--awb-spacing-right-large:1.92%;--awb-margin-bottom-large:20px;--awb-spacing-left-large:1.92%;--awb-width-medium:100%;--awb-order-medium:0;--awb-spacing-right-medium:1.92%;--awb-spacing-left-medium:1.92%;--awb-width-small:100%;--awb-order-small:0;--awb-spacing-right-small:1.92%;--awb-spacing-left-small:1.92%;\"><div class=\"fusion-column-wrapper fusion-column-has-shadow fusion-flex-justify-content-flex-start fusion-content-layout-column\"><div class=\"fusion-text fusion-text-1\" style=\"--awb-font-size:20px;\"><p style=\"text-align: center;\">\u00bfDeseas expandir tu empresa o tu proyecto en el extranjero?\u00a0Los profesionales de WILL, gracias a su amplia red de colaboradores, asesoran en materia de derecho corporativo y mercantil a empresas radicadas en numerosos pa\u00edses del mundo, prest\u00e1ndoles un valioso apoyo tanto en actividades ordinarias como extraordinarias.<\/p>\n<\/div><\/div><\/div><\/div><\/div><div class=\"fusion-fullwidth fullwidth-box fusion-builder-row-2 fusion-flex-container nonhundred-percent-fullwidth non-hundred-percent-height-scrolling\" style=\"--awb-border-radius-top-left:0px;--awb-border-radius-top-right:0px;--awb-border-radius-bottom-right:0px;--awb-border-radius-bottom-left:0px;--awb-padding-top:50px;--awb-padding-bottom:50px;--awb-flex-wrap:wrap;\" ><div class=\"fusion-builder-row fusion-row fusion-flex-align-items-flex-start fusion-flex-content-wrap\" style=\"max-width:1248px;margin-left: calc(-4% \/ 2 );margin-right: calc(-4% \/ 2 );\"><div class=\"fusion-layout-column fusion_builder_column fusion-builder-column-1 fusion_builder_column_1_2 1_2 fusion-flex-column fusion-animated\" style=\"--awb-bg-size:cover;--awb-width-large:50%;--awb-margin-top-large:0px;--awb-spacing-right-large:3.84%;--awb-margin-bottom-large:20px;--awb-spacing-left-large:3.84%;--awb-width-medium:100%;--awb-order-medium:0;--awb-spacing-right-medium:1.92%;--awb-spacing-left-medium:1.92%;--awb-width-small:100%;--awb-order-small:0;--awb-spacing-right-small:1.92%;--awb-spacing-left-small:1.92%;\" data-animationType=\"fadeInLeft\" data-animationDuration=\"0.8\" data-animationOffset=\"top-into-view\"><div class=\"fusion-column-wrapper fusion-column-has-shadow fusion-flex-justify-content-flex-start fusion-content-layout-column\"><div class=\"fusion-title title fusion-title-1 fusion-sep-none fusion-title-rotating fusion-loop-off fusion-title-typeIn fusion-title-size-two\" style=\"--awb-text-color:#00303c;--awb-font-size:35px;\"><h2 class=\"fusion-title-heading title-heading-left fusion-responsive-typography-calculated\" style=\"font-family:&quot;Montserrat&quot;;font-style:normal;font-weight:700;margin:0;font-size:1em;--fontSize:35;--minFontSize:35;line-height:1.2;\"><span class=\"fusion-animated-text-prefix\"><\/span> <span class=\"fusion-animated-texts-wrapper\" style=\"color:#00303c;text-align: center;\" data-length=\"char\" data-minDisplayTime=\"2000\"><span class=\"fusion-animated-texts\"><span data-in-effect=\"typeIn\" class=\"fusion-animated-text\" data-in-sequence=\"true\" data-out-reverse=\"true\" data-out-effect=\"typeOut\">Derecho corporativo<\/span><\/span><\/span> <span class=\"fusion-animated-text-postfix\"><\/span><\/h2><\/div><div class=\"fusion-text fusion-text-2\" style=\"--awb-font-size:16px;\"><p>En primer lugar, los profesionales de WILL asesoran a sus clientes y les ayudan a decidir cu\u00e1l es la <strong>estructura corporativa<\/strong> m\u00e1s adecuada, seg\u00fan sus objetivos y requisitos, redactan los estatutos de la empresa y, si es necesario, tambi\u00e9n los acuerdos de accionistas.<br \/>\nLos abogados de WILL asistir\u00e1n a sus clientes en todas las <strong>necesidades cotidianas de la vida corporativa<\/strong>, ayud\u00e1ndoles a redactar las actas y los acuerdos empresariales, o en las relaciones con las autoridades p\u00fablicas e incluso en la disoluci\u00f3n de la sociedad.<br \/>\nAdem\u00e1s, WILL ayuda a los clientes en la planificaci\u00f3n fiscal de su negocio, lo que les permite expandirlo con total tranquilidad.<br \/>\nAsimismo, en relaci\u00f3n con el gobierno corporativo, WILL ofrece un asesoramiento \u00fanico, gracias a la consolidada experiencia profesional de sus abogados.<\/p>\n<\/div><\/div><\/div><div class=\"fusion-layout-column fusion_builder_column fusion-builder-column-2 fusion_builder_column_1_2 1_2 fusion-flex-column fusion-animated\" style=\"--awb-bg-size:cover;--awb-width-large:50%;--awb-margin-top-large:0px;--awb-spacing-right-large:3.84%;--awb-margin-bottom-large:20px;--awb-spacing-left-large:3.84%;--awb-width-medium:100%;--awb-order-medium:0;--awb-spacing-right-medium:1.92%;--awb-spacing-left-medium:1.92%;--awb-width-small:100%;--awb-order-small:0;--awb-spacing-right-small:1.92%;--awb-spacing-left-small:1.92%;\" data-animationType=\"fadeInLeft\" data-animationDuration=\"0.8\" data-animationOffset=\"top-into-view\"><div class=\"fusion-column-wrapper fusion-column-has-shadow fusion-flex-justify-content-flex-start fusion-content-layout-column\"><div class=\"fusion-title title fusion-title-2 fusion-sep-none fusion-title-rotating fusion-loop-off fusion-title-typeIn fusion-title-size-two\" style=\"--awb-text-color:#00303c;--awb-font-size:35px;\"><h2 class=\"fusion-title-heading title-heading-left fusion-responsive-typography-calculated\" style=\"font-family:&quot;Montserrat&quot;;font-style:normal;font-weight:700;margin:0;font-size:1em;--fontSize:35;--minFontSize:35;line-height:1.2;\"><span class=\"fusion-animated-text-prefix\"><\/span> <span class=\"fusion-animated-texts-wrapper\" style=\"color:#00303c;text-align: center;\" data-length=\"char\" data-minDisplayTime=\"2000\"><span class=\"fusion-animated-texts\"><span data-in-effect=\"typeIn\" class=\"fusion-animated-text\" data-in-sequence=\"true\" data-out-reverse=\"true\" data-out-effect=\"typeOut\">Derecho mercantil<\/span><\/span><\/span> <span class=\"fusion-animated-text-postfix\"><\/span><\/h2><\/div><div class=\"fusion-text fusion-text-3\" style=\"--awb-font-size:16px;\"><p>Los abogados de WILL prestan servicios de asesoramiento en materia de gesti\u00f3n de contratos <strong>nacionales e internacionales<\/strong>. En particular, nuestros profesionales cuentan con una amplia experiencia en la negociaci\u00f3n, profundos conocimientos en la redacci\u00f3n de contratos de licitaci\u00f3n y contratos de arrendamiento comercial, as\u00ed como experiencia cualificada en la redacci\u00f3n de contratos de agentes de ventas, y en acuerdos de empresas conjuntas y de asociaci\u00f3n temporal. La <strong>experiencia internacional<\/strong> de los asesores de WILL les permite aportar una valiosa contribuci\u00f3n en lo que respecta a la elecci\u00f3n de la legislaci\u00f3n aplicable al acuerdo y a la jurisdicci\u00f3n y competencia en caso de litigio.<\/p>\n<\/div><\/div><\/div><\/div><\/div><div class=\"fusion-fullwidth fullwidth-box fusion-builder-row-3 fusion-flex-container nonhundred-percent-fullwidth non-hundred-percent-height-scrolling\" style=\"--awb-border-radius-top-left:0px;--awb-border-radius-top-right:0px;--awb-border-radius-bottom-right:0px;--awb-border-radius-bottom-left:0px;--awb-flex-wrap:wrap;\" ><div class=\"fusion-builder-row fusion-row fusion-flex-align-items-flex-start fusion-flex-content-wrap\" style=\"max-width:1248px;margin-left: calc(-4% \/ 2 );margin-right: calc(-4% \/ 2 );\"><div class=\"fusion-layout-column fusion_builder_column fusion-builder-column-3 fusion_builder_column_1_1 1_1 fusion-flex-column\" style=\"--awb-bg-size:cover;--awb-width-large:100%;--awb-margin-top-large:0px;--awb-spacing-right-large:1.92%;--awb-margin-bottom-large:0px;--awb-spacing-left-large:1.92%;--awb-width-medium:100%;--awb-order-medium:0;--awb-spacing-right-medium:1.92%;--awb-spacing-left-medium:1.92%;--awb-width-small:100%;--awb-order-small:0;--awb-spacing-right-small:1.92%;--awb-spacing-left-small:1.92%;\" data-scroll-devices=\"small-visibility,medium-visibility,large-visibility\"><div class=\"fusion-column-wrapper lazyload fusion-column-has-shadow fusion-flex-justify-content-flex-start fusion-content-layout-column fusion-column-has-bg-image\" data-bg-url=\"https:\/\/www.willeague.com\/wp-content\/uploads\/2020\/04\/Banner-counter.jpg\" data-bg=\"https:\/\/www.willeague.com\/wp-content\/uploads\/2020\/04\/Banner-counter.jpg\"><div class=\"fusion-counters-box counters-box row fusion-clearfix fusion-columns-4\" style=\"--awb-body-color:#ffffff;--awb-body-size:25;--awb-border-color:rgba(255,255,255,0);--awb-color:#ffffff;--awb-title-size:55;--awb-icon-size:45;--awb-border-color:rgba(255,255,255,0);\"><div class=\"fusion-counter-box fusion-column col-counter-box counter-box-wrapper col-lg-3 col-md-3 col-sm-3 fusion-counter-box-icon-top\" data-animationOffset=\"top-into-view\"><div class=\"counter-box-container\"><div class=\"content-box-percentage content-box-counter\"><span class=\"display-counter\" data-value=\"400\" data-direction=\"up\" data-decimals=\"0\">0<\/span><span class=\"unit\">+<\/span><\/div><div class=\"counter-box-content\">Afiliados<\/div><\/div><\/div><div class=\"fusion-counter-box fusion-column col-counter-box counter-box-wrapper col-lg-3 col-md-3 col-sm-3 fusion-counter-box-icon-top\" data-animationOffset=\"top-into-view\"><div class=\"counter-box-container\"><div class=\"content-box-percentage content-box-counter\"><span class=\"display-counter\" data-value=\"75\" data-direction=\"up\" data-decimals=\"0\">0<\/span><\/div><div class=\"counter-box-content\">Pa\u00edses<\/div><\/div><\/div><div class=\"fusion-counter-box fusion-column col-counter-box counter-box-wrapper col-lg-3 col-md-3 col-sm-3 fusion-counter-box-icon-top\" data-animationOffset=\"top-into-view\"><div class=\"counter-box-container\"><div class=\"content-box-percentage content-box-counter\"><span class=\"display-counter\" data-value=\"+8000\" data-direction=\"up\" data-decimals=\"0\">0<\/span><span class=\"unit\">+<\/span><\/div><div class=\"counter-box-content\">A\u00f1os de experiencia<\/div><\/div><\/div><div class=\"fusion-counter-box fusion-column col-counter-box counter-box-wrapper col-lg-3 col-md-3 col-sm-3 fusion-counter-box-icon-top\" data-animationOffset=\"top-into-view\"><div class=\"counter-box-container\"><div class=\"content-box-percentage content-box-counter\"><span class=\"display-counter\" data-value=\"60\" data-direction=\"up\" data-decimals=\"0\">0<\/span><span class=\"unit\">+<\/span><\/div><div class=\"counter-box-content\">Idiomas hablados<\/div><\/div><\/div><\/div><\/div><\/div><\/div><\/div>\n<\/p>\n","protected":false},"excerpt":{"rendered":"","protected":false},"author":4,"featured_media":0,"parent":0,"menu_order":0,"comment_status":"closed","ping_status":"closed","template":"","meta":{"_acf_changed":false,"footnotes":""},"class_list":["post-4786","page","type-page","status-publish","hentry"],"acf":[],"yoast_head":"<!-- This site is optimized with the Yoast SEO plugin v25.6 - https:\/\/yoast.com\/wordpress\/plugins\/seo\/ -->\n<title>Derecho corporativo y mercantil - Willeague<\/title>\n<meta name=\"robots\" content=\"index, follow, max-snippet:-1, max-image-preview:large, max-video-preview:-1\" \/>\n<link rel=\"canonical\" href=\"https:\/\/www.willeague.com\/es\/derecho-corporativo-y-mercantil\/\" \/>\n<meta property=\"og:locale\" content=\"es_ES\" \/>\n<meta property=\"og:type\" content=\"article\" \/>\n<meta property=\"og:title\" content=\"Derecho corporativo y mercantil - Willeague\" \/>\n<meta property=\"og:url\" content=\"https:\/\/www.willeague.com\/es\/derecho-corporativo-y-mercantil\/\" \/>\n<meta property=\"og:site_name\" content=\"Willeague\" \/>\n<meta property=\"article:modified_time\" content=\"2023-05-24T09:39:18+00:00\" \/>\n<meta name=\"twitter:card\" content=\"summary_large_image\" \/>\n<meta name=\"twitter:label1\" content=\"Tiempo de lectura\" \/>\n\t<meta name=\"twitter:data1\" content=\"5 minutos\" \/>\n<script type=\"application\/ld+json\" class=\"yoast-schema-graph\">{\"@context\":\"https:\/\/schema.org\",\"@graph\":[{\"@type\":\"WebPage\",\"@id\":\"https:\/\/www.willeague.com\/es\/derecho-corporativo-y-mercantil\/\",\"url\":\"https:\/\/www.willeague.com\/es\/derecho-corporativo-y-mercantil\/\",\"name\":\"Derecho corporativo y mercantil - Willeague\",\"isPartOf\":{\"@id\":\"https:\/\/www.willeague.com\/es\/#website\"},\"datePublished\":\"2020-11-11T14:42:31+00:00\",\"dateModified\":\"2023-05-24T09:39:18+00:00\",\"breadcrumb\":{\"@id\":\"https:\/\/www.willeague.com\/es\/derecho-corporativo-y-mercantil\/#breadcrumb\"},\"inLanguage\":\"es\",\"potentialAction\":[{\"@type\":\"ReadAction\",\"target\":[\"https:\/\/www.willeague.com\/es\/derecho-corporativo-y-mercantil\/\"]}]},{\"@type\":\"BreadcrumbList\",\"@id\":\"https:\/\/www.willeague.com\/es\/derecho-corporativo-y-mercantil\/#breadcrumb\",\"itemListElement\":[{\"@type\":\"ListItem\",\"position\":1,\"name\":\"Home\",\"item\":\"https:\/\/www.willeague.com\/es\/\"},{\"@type\":\"ListItem\",\"position\":2,\"name\":\"Derecho corporativo y mercantil\"}]},{\"@type\":\"WebSite\",\"@id\":\"https:\/\/www.willeague.com\/es\/#website\",\"url\":\"https:\/\/www.willeague.com\/es\/\",\"name\":\"Willeague\",\"description\":\"Worldwide Indipendent Lawyer League\",\"publisher\":{\"@id\":\"https:\/\/www.willeague.com\/es\/#organization\"},\"potentialAction\":[{\"@type\":\"SearchAction\",\"target\":{\"@type\":\"EntryPoint\",\"urlTemplate\":\"https:\/\/www.willeague.com\/es\/?s={search_term_string}\"},\"query-input\":{\"@type\":\"PropertyValueSpecification\",\"valueRequired\":true,\"valueName\":\"search_term_string\"}}],\"inLanguage\":\"es\"},{\"@type\":\"Organization\",\"@id\":\"https:\/\/www.willeague.com\/es\/#organization\",\"name\":\"Willeague\",\"url\":\"https:\/\/www.willeague.com\/es\/\",\"logo\":{\"@type\":\"ImageObject\",\"inLanguage\":\"es\",\"@id\":\"https:\/\/www.willeague.com\/es\/#\/schema\/logo\/image\/\",\"url\":\"https:\/\/www.willeague.com\/wp-content\/uploads\/2020\/04\/Logo-1x.png\",\"contentUrl\":\"https:\/\/www.willeague.com\/wp-content\/uploads\/2020\/04\/Logo-1x.png\",\"width\":170,\"height\":32,\"caption\":\"Willeague\"},\"image\":{\"@id\":\"https:\/\/www.willeague.com\/es\/#\/schema\/logo\/image\/\"}}]}<\/script>\n<!-- \/ Yoast SEO plugin. -->","yoast_head_json":{"title":"Derecho corporativo y mercantil - Willeague","robots":{"index":"index","follow":"follow","max-snippet":"max-snippet:-1","max-image-preview":"max-image-preview:large","max-video-preview":"max-video-preview:-1"},"canonical":"https:\/\/www.willeague.com\/es\/derecho-corporativo-y-mercantil\/","og_locale":"es_ES","og_type":"article","og_title":"Derecho corporativo y mercantil - Willeague","og_url":"https:\/\/www.willeague.com\/es\/derecho-corporativo-y-mercantil\/","og_site_name":"Willeague","article_modified_time":"2023-05-24T09:39:18+00:00","twitter_card":"summary_large_image","twitter_misc":{"Tiempo de lectura":"5 minutos"},"schema":{"@context":"https:\/\/schema.org","@graph":[{"@type":"WebPage","@id":"https:\/\/www.willeague.com\/es\/derecho-corporativo-y-mercantil\/","url":"https:\/\/www.willeague.com\/es\/derecho-corporativo-y-mercantil\/","name":"Derecho corporativo y mercantil - Willeague","isPartOf":{"@id":"https:\/\/www.willeague.com\/es\/#website"},"datePublished":"2020-11-11T14:42:31+00:00","dateModified":"2023-05-24T09:39:18+00:00","breadcrumb":{"@id":"https:\/\/www.willeague.com\/es\/derecho-corporativo-y-mercantil\/#breadcrumb"},"inLanguage":"es","potentialAction":[{"@type":"ReadAction","target":["https:\/\/www.willeague.com\/es\/derecho-corporativo-y-mercantil\/"]}]},{"@type":"BreadcrumbList","@id":"https:\/\/www.willeague.com\/es\/derecho-corporativo-y-mercantil\/#breadcrumb","itemListElement":[{"@type":"ListItem","position":1,"name":"Home","item":"https:\/\/www.willeague.com\/es\/"},{"@type":"ListItem","position":2,"name":"Derecho corporativo y mercantil"}]},{"@type":"WebSite","@id":"https:\/\/www.willeague.com\/es\/#website","url":"https:\/\/www.willeague.com\/es\/","name":"Willeague","description":"Worldwide Indipendent Lawyer League","publisher":{"@id":"https:\/\/www.willeague.com\/es\/#organization"},"potentialAction":[{"@type":"SearchAction","target":{"@type":"EntryPoint","urlTemplate":"https:\/\/www.willeague.com\/es\/?s={search_term_string}"},"query-input":{"@type":"PropertyValueSpecification","valueRequired":true,"valueName":"search_term_string"}}],"inLanguage":"es"},{"@type":"Organization","@id":"https:\/\/www.willeague.com\/es\/#organization","name":"Willeague","url":"https:\/\/www.willeague.com\/es\/","logo":{"@type":"ImageObject","inLanguage":"es","@id":"https:\/\/www.willeague.com\/es\/#\/schema\/logo\/image\/","url":"https:\/\/www.willeague.com\/wp-content\/uploads\/2020\/04\/Logo-1x.png","contentUrl":"https:\/\/www.willeague.com\/wp-content\/uploads\/2020\/04\/Logo-1x.png","width":170,"height":32,"caption":"Willeague"},"image":{"@id":"https:\/\/www.willeague.com\/es\/#\/schema\/logo\/image\/"}}]}},"_links":{"self":[{"href":"https:\/\/www.willeague.com\/es\/wp-json\/wp\/v2\/pages\/4786"}],"collection":[{"href":"https:\/\/www.willeague.com\/es\/wp-json\/wp\/v2\/pages"}],"about":[{"href":"https:\/\/www.willeague.com\/es\/wp-json\/wp\/v2\/types\/page"}],"author":[{"embeddable":true,"href":"https:\/\/www.willeague.com\/es\/wp-json\/wp\/v2\/users\/4"}],"replies":[{"embeddable":true,"href":"https:\/\/www.willeague.com\/es\/wp-json\/wp\/v2\/comments?post=4786"}],"version-history":[{"count":2,"href":"https:\/\/www.willeague.com\/es\/wp-json\/wp\/v2\/pages\/4786\/revisions"}],"predecessor-version":[{"id":4790,"href":"https:\/\/www.willeague.com\/es\/wp-json\/wp\/v2\/pages\/4786\/revisions\/4790"}],"wp:attachment":[{"href":"https:\/\/www.willeague.com\/es\/wp-json\/wp\/v2\/media?parent=4786"}],"curies":[{"name":"wp","href":"https:\/\/api.w.org\/{rel}","templated":true}]}}