{"id":4747,"date":"2020-11-10T18:27:58","date_gmt":"2020-11-10T17:27:58","guid":{"rendered":"https:\/\/www.willeague.com\/about-you\/"},"modified":"2023-05-24T09:37:51","modified_gmt":"2023-05-24T07:37:51","slug":"areas","status":"publish","type":"page","link":"https:\/\/www.willeague.com\/es\/areas\/","title":{"rendered":"\u00c1reas"},"content":{"rendered":"<p><div class=\"fusion-fullwidth fullwidth-box fusion-builder-row-1 fusion-flex-container nonhundred-percent-fullwidth non-hundred-percent-height-scrolling\" style=\"--awb-border-radius-top-left:0px;--awb-border-radius-top-right:0px;--awb-border-radius-bottom-right:0px;--awb-border-radius-bottom-left:0px;--awb-flex-wrap:wrap;\" ><div class=\"fusion-builder-row fusion-row fusion-flex-align-items-flex-start fusion-flex-content-wrap\" style=\"max-width:1248px;margin-left: calc(-4% \/ 2 );margin-right: calc(-4% \/ 2 );\"><div class=\"fusion-layout-column fusion_builder_column fusion-builder-column-0 fusion_builder_column_1_1 1_1 fusion-flex-column\" style=\"--awb-bg-size:cover;--awb-width-large:100%;--awb-margin-top-large:0px;--awb-spacing-right-large:1.92%;--awb-margin-bottom-large:20px;--awb-spacing-left-large:1.92%;--awb-width-medium:100%;--awb-order-medium:0;--awb-spacing-right-medium:1.92%;--awb-spacing-left-medium:1.92%;--awb-width-small:100%;--awb-order-small:0;--awb-spacing-right-small:1.92%;--awb-spacing-left-small:1.92%;\"><div class=\"fusion-column-wrapper fusion-column-has-shadow fusion-flex-justify-content-flex-start fusion-content-layout-column\"><div class=\"fusion-title title fusion-title-1 fusion-sep-none fusion-title-center fusion-title-text fusion-title-size-one\" style=\"--awb-margin-bottom:20px;--awb-font-size:50px;\"><h1 class=\"fusion-title-heading title-heading-center fusion-responsive-typography-calculated\" style=\"font-family:&quot;Montserrat&quot;;font-style:normal;font-weight:700;margin:0;font-size:1em;--fontSize:50;line-height:1.16;\"><span style=\"color: #aa6923;\">\u00c1reas<\/span><\/h1><\/div><div class=\"fusion-text fusion-text-1\" style=\"--awb-font-size:20px;\"><p style=\"text-align: center;\">WILL es una red mundial de servicios de emergencia en todos los \u00e1mbitos jur\u00eddicos en muchas jurisdicciones.\u00a0Encontramos soluciones r\u00e1pidas a asuntos internacionales, gracias al trabajo conjunto de nuestros expertos con una amplia experiencia en sus propias jurisdicciones y comunidades nacionales.<\/p>\n<\/div><\/div><\/div><\/div><\/div><div class=\"fusion-fullwidth fullwidth-box fusion-builder-row-2 fusion-flex-container nonhundred-percent-fullwidth non-hundred-percent-height-scrolling\" style=\"--awb-border-radius-top-left:0px;--awb-border-radius-top-right:0px;--awb-border-radius-bottom-right:0px;--awb-border-radius-bottom-left:0px;--awb-padding-top:50px;--awb-padding-bottom:50px;--awb-flex-wrap:wrap;\" ><div class=\"fusion-builder-row fusion-row fusion-flex-align-items-flex-start fusion-flex-content-wrap\" style=\"max-width:1248px;margin-left: calc(-4% \/ 2 );margin-right: calc(-4% \/ 2 );\"><div class=\"fusion-layout-column fusion_builder_column fusion-builder-column-1 fusion_builder_column_1_2 1_2 fusion-flex-column fusion-animated\" style=\"--awb-bg-size:cover;--awb-width-large:50%;--awb-margin-top-large:0px;--awb-spacing-right-large:3.84%;--awb-margin-bottom-large:20px;--awb-spacing-left-large:3.84%;--awb-width-medium:100%;--awb-order-medium:0;--awb-spacing-right-medium:1.92%;--awb-spacing-left-medium:1.92%;--awb-width-small:100%;--awb-order-small:0;--awb-spacing-right-small:1.92%;--awb-spacing-left-small:1.92%;\" data-animationType=\"fadeInLeft\" data-animationDuration=\"0.8\" data-animationOffset=\"top-into-view\"><div class=\"fusion-column-wrapper fusion-column-has-shadow fusion-flex-justify-content-flex-start fusion-content-layout-column\"><div class=\"fusion-title title fusion-title-2 fusion-sep-none fusion-title-rotating fusion-loop-off fusion-title-typeIn fusion-title-size-two\" style=\"--awb-text-color:#00303c;--awb-font-size:35px;\"><h2 class=\"fusion-title-heading title-heading-left fusion-responsive-typography-calculated\" style=\"font-family:&quot;Montserrat&quot;;font-style:normal;font-weight:700;margin:0;font-size:1em;--fontSize:35;--minFontSize:35;line-height:1.2;\"><span class=\"fusion-animated-text-prefix\"><\/span> <span class=\"fusion-animated-texts-wrapper\" style=\"color:#00303c;text-align: center;\" data-length=\"char\" data-minDisplayTime=\"2000\"><span class=\"fusion-animated-texts\"><span data-in-effect=\"typeIn\" class=\"fusion-animated-text\" data-in-sequence=\"true\" data-out-reverse=\"true\" data-out-effect=\"typeOut\">Persona y familia<\/span><\/span><\/span> <span class=\"fusion-animated-text-postfix\"><\/span><\/h2><\/div><div class=\"fusion-text fusion-text-2\" style=\"--awb-font-size:16px;\"><p style=\"text-align: left;\">Nos gustan las familias felices.\u00a0Pero a veces las cosas no salen como esper\u00e1bamos. Estamos a tu lado para asesorarte y asistirte en asuntos matrimoniales, de custodia y en las disposiciones relativas a hijos menores, as\u00ed como en la protecci\u00f3n de las personas vulnerables en todos los pa\u00edses en los que estamos presentes.<\/p>\n<\/div><\/div><\/div><div class=\"fusion-layout-column fusion_builder_column fusion-builder-column-2 fusion_builder_column_1_2 1_2 fusion-flex-column fusion-animated\" style=\"--awb-bg-size:cover;--awb-width-large:50%;--awb-margin-top-large:0px;--awb-spacing-right-large:3.84%;--awb-margin-bottom-large:20px;--awb-spacing-left-large:3.84%;--awb-width-medium:100%;--awb-order-medium:0;--awb-spacing-right-medium:1.92%;--awb-spacing-left-medium:1.92%;--awb-width-small:100%;--awb-order-small:0;--awb-spacing-right-small:1.92%;--awb-spacing-left-small:1.92%;\" data-animationType=\"fadeInLeft\" data-animationDuration=\"0.8\" data-animationOffset=\"top-into-view\"><div class=\"fusion-column-wrapper fusion-column-has-shadow fusion-flex-justify-content-flex-start fusion-content-layout-column\"><div class=\"fusion-title title fusion-title-3 fusion-sep-none fusion-title-rotating fusion-loop-off fusion-title-typeIn fusion-title-size-two\" style=\"--awb-text-color:#00303c;--awb-font-size:35px;\"><h2 class=\"fusion-title-heading title-heading-left fusion-responsive-typography-calculated\" style=\"font-family:&quot;Montserrat&quot;;font-style:normal;font-weight:700;margin:0;font-size:1em;--fontSize:35;--minFontSize:35;line-height:1.2;\"><span class=\"fusion-animated-text-prefix\"><\/span> <span class=\"fusion-animated-texts-wrapper\" style=\"color:#00303c;text-align: center;\" data-length=\"char\" data-minDisplayTime=\"2000\"><span class=\"fusion-animated-texts\"><span data-in-effect=\"typeIn\" class=\"fusion-animated-text\" data-in-sequence=\"true\" data-out-reverse=\"true\" data-out-effect=\"typeOut\">Seguros<\/span><\/span><\/span> <span class=\"fusion-animated-text-postfix\"><\/span><\/h2><\/div><div class=\"fusion-text fusion-text-3\" style=\"--awb-font-size:16px;\"><p style=\"text-align: left;\">Una buena comunicaci\u00f3n es la base para lograr una excelente relaci\u00f3n entre la compa\u00f1\u00eda de seguros y el asegurado.\u00a0En caso de que sea necesario, los abogados de WILL intervendr\u00e1n para restablecer esta relaci\u00f3n y velar\u00e1n por que se cumplan las expectativas de ambas partes, de acuerdo con el Derecho internacional pertinente.<\/p>\n<\/div><\/div><\/div><div class=\"fusion-layout-column fusion_builder_column fusion-builder-column-3 fusion_builder_column_1_2 1_2 fusion-flex-column fusion-animated\" style=\"--awb-bg-size:cover;--awb-width-large:50%;--awb-margin-top-large:0px;--awb-spacing-right-large:3.84%;--awb-margin-bottom-large:20px;--awb-spacing-left-large:3.84%;--awb-width-medium:100%;--awb-order-medium:0;--awb-spacing-right-medium:1.92%;--awb-spacing-left-medium:1.92%;--awb-width-small:100%;--awb-order-small:0;--awb-spacing-right-small:1.92%;--awb-spacing-left-small:1.92%;\" data-animationType=\"fadeInLeft\" data-animationDuration=\"0.8\" data-animationOffset=\"top-into-view\"><div class=\"fusion-column-wrapper fusion-column-has-shadow fusion-flex-justify-content-flex-start fusion-content-layout-column\"><div class=\"fusion-title title fusion-title-4 fusion-sep-none fusion-title-rotating fusion-loop-off fusion-title-typeIn fusion-title-size-two\" style=\"--awb-text-color:#00303c;--awb-font-size:35px;\"><h2 class=\"fusion-title-heading title-heading-left fusion-responsive-typography-calculated\" style=\"font-family:&quot;Montserrat&quot;;font-style:normal;font-weight:700;margin:0;font-size:1em;--fontSize:35;--minFontSize:35;line-height:1.2;\"><span class=\"fusion-animated-text-prefix\"><\/span> <span class=\"fusion-animated-texts-wrapper\" style=\"color:#00303c;text-align: center;\" data-length=\"char\" data-minDisplayTime=\"2000\"><span class=\"fusion-animated-texts\"><span data-in-effect=\"typeIn\" class=\"fusion-animated-text\" data-in-sequence=\"true\" data-out-reverse=\"true\" data-out-effect=\"typeOut\">Viajes<\/span><\/span><\/span> <span class=\"fusion-animated-text-postfix\"><\/span><\/h2><\/div><div class=\"fusion-text fusion-text-4\" style=\"--awb-font-size:16px;\"><p style=\"text-align: left;\">Viajar es un placer.\u00a0Cuando nos trasladamos por el mundo nos encontramos con culturas, costumbres y h\u00e1bitos diferentes a los nuestros y puede que necesitemos la asistencia de un experto in situ para continuar nuestro viaje con tranquilidad. A menudo se trata simplemente de mejorar la comunicaci\u00f3n, incluso en el \u00e1mbito jur\u00eddico.<\/p>\n<\/div><\/div><\/div><div class=\"fusion-layout-column fusion_builder_column fusion-builder-column-4 fusion_builder_column_1_2 1_2 fusion-flex-column fusion-animated\" style=\"--awb-bg-size:cover;--awb-width-large:50%;--awb-margin-top-large:0px;--awb-spacing-right-large:3.84%;--awb-margin-bottom-large:20px;--awb-spacing-left-large:3.84%;--awb-width-medium:100%;--awb-order-medium:0;--awb-spacing-right-medium:1.92%;--awb-spacing-left-medium:1.92%;--awb-width-small:100%;--awb-order-small:0;--awb-spacing-right-small:1.92%;--awb-spacing-left-small:1.92%;\" data-animationType=\"fadeInLeft\" data-animationDuration=\"0.8\" data-animationOffset=\"top-into-view\"><div class=\"fusion-column-wrapper fusion-column-has-shadow fusion-flex-justify-content-flex-start fusion-content-layout-column\"><div class=\"fusion-title title fusion-title-5 fusion-sep-none fusion-title-rotating fusion-loop-off fusion-title-typeIn fusion-title-size-two\" style=\"--awb-text-color:#00303c;--awb-font-size:35px;\"><h2 class=\"fusion-title-heading title-heading-left fusion-responsive-typography-calculated\" style=\"font-family:&quot;Montserrat&quot;;font-style:normal;font-weight:700;margin:0;font-size:1em;--fontSize:35;--minFontSize:35;line-height:1.2;\"><span class=\"fusion-animated-text-prefix\"><\/span> <span class=\"fusion-animated-texts-wrapper\" style=\"color:#00303c;text-align: center;\" data-length=\"char\" data-minDisplayTime=\"2000\"><span class=\"fusion-animated-texts\"><span data-in-effect=\"typeIn\" class=\"fusion-animated-text\" data-in-sequence=\"true\" data-out-reverse=\"true\" data-out-effect=\"typeOut\">Internacionalizaci\u00f3n<\/span><\/span><\/span> <span class=\"fusion-animated-text-postfix\"><\/span><\/h2><\/div><div class=\"fusion-text fusion-text-5\" style=\"--awb-font-size:16px;\"><p style=\"text-align: left;\">\u00bfQuieres lanzar tu proyecto en un nuevo mercado extranjero?\u00a0WILL te ayuda a exportar tu empresa al extranjero. Para las empresas que planean invertir en mercados internacionales, WILL ofrece y garantiza asesoramiento r\u00e1pido y \u00e1gil, gracias a la colaboraci\u00f3n internacional entre sus abogados y sus socios.<\/p>\n<\/div><\/div><\/div><div class=\"fusion-layout-column fusion_builder_column fusion-builder-column-5 fusion_builder_column_1_2 1_2 fusion-flex-column fusion-animated\" style=\"--awb-bg-size:cover;--awb-width-large:50%;--awb-margin-top-large:0px;--awb-spacing-right-large:3.84%;--awb-margin-bottom-large:20px;--awb-spacing-left-large:3.84%;--awb-width-medium:100%;--awb-order-medium:0;--awb-spacing-right-medium:1.92%;--awb-spacing-left-medium:1.92%;--awb-width-small:100%;--awb-order-small:0;--awb-spacing-right-small:1.92%;--awb-spacing-left-small:1.92%;\" data-animationType=\"fadeInLeft\" data-animationDuration=\"0.8\" data-animationOffset=\"top-into-view\"><div class=\"fusion-column-wrapper fusion-column-has-shadow fusion-flex-justify-content-flex-start fusion-content-layout-column\"><div class=\"fusion-title title fusion-title-6 fusion-sep-none fusion-title-rotating fusion-loop-off fusion-title-typeIn fusion-title-size-two\" style=\"--awb-text-color:#00303c;--awb-font-size:35px;\"><h2 class=\"fusion-title-heading title-heading-left fusion-responsive-typography-calculated\" style=\"font-family:&quot;Montserrat&quot;;font-style:normal;font-weight:700;margin:0;font-size:1em;--fontSize:35;--minFontSize:35;line-height:1.2;\"><span class=\"fusion-animated-text-prefix\"><\/span> <span class=\"fusion-animated-texts-wrapper\" style=\"color:#00303c;text-align: center;\" data-length=\"char\" data-minDisplayTime=\"2000\"><span class=\"fusion-animated-texts\"><span data-in-effect=\"typeIn\" class=\"fusion-animated-text\" data-in-sequence=\"true\" data-out-reverse=\"true\" data-out-effect=\"typeOut\">Asociaciones empresariales<\/span><\/span><\/span> <span class=\"fusion-animated-text-postfix\"><\/span><\/h2><\/div><div class=\"fusion-text fusion-text-6\" style=\"--awb-font-size:16px;\"><p style=\"text-align: left;\">Las organizaciones que representan y protegen a los sectores industriales y productivos son un activo muy valioso para el mercado laboral.\u00a0Los profesionales de WILL est\u00e1n a tu lado con un asesoramiento personalizado, centrado en garantizar que estas organizaciones realicen su trabajo con total tranquilidad.<\/p>\n<\/div><\/div><\/div><div class=\"fusion-layout-column fusion_builder_column fusion-builder-column-6 fusion_builder_column_1_2 1_2 fusion-flex-column fusion-animated\" style=\"--awb-bg-size:cover;--awb-width-large:50%;--awb-margin-top-large:0px;--awb-spacing-right-large:3.84%;--awb-margin-bottom-large:20px;--awb-spacing-left-large:3.84%;--awb-width-medium:100%;--awb-order-medium:0;--awb-spacing-right-medium:1.92%;--awb-spacing-left-medium:1.92%;--awb-width-small:100%;--awb-order-small:0;--awb-spacing-right-small:1.92%;--awb-spacing-left-small:1.92%;\" data-animationType=\"fadeInLeft\" data-animationDuration=\"0.8\" data-animationOffset=\"top-into-view\"><div class=\"fusion-column-wrapper fusion-column-has-shadow fusion-flex-justify-content-flex-start fusion-content-layout-column\"><div class=\"fusion-title title fusion-title-7 fusion-sep-none fusion-title-rotating fusion-loop-off fusion-title-typeIn fusion-title-size-two\" style=\"--awb-text-color:#00303c;--awb-font-size:35px;\"><h2 class=\"fusion-title-heading title-heading-left fusion-responsive-typography-calculated\" style=\"font-family:&quot;Montserrat&quot;;font-style:normal;font-weight:700;margin:0;font-size:1em;--fontSize:35;--minFontSize:35;line-height:1.2;\"><span class=\"fusion-animated-text-prefix\"><\/span> <span class=\"fusion-animated-texts-wrapper\" style=\"color:#00303c;text-align: center;\" data-length=\"char\" data-minDisplayTime=\"2000\"><span class=\"fusion-animated-texts\"><span data-in-effect=\"typeIn\" class=\"fusion-animated-text\" data-in-sequence=\"true\" data-out-reverse=\"true\" data-out-effect=\"typeOut\">Nuevas tecnolog\u00edas<\/span><\/span><\/span> <span class=\"fusion-animated-text-postfix\"><\/span><\/h2><\/div><div class=\"fusion-text fusion-text-7\" style=\"--awb-font-size:16px;\"><p style=\"text-align: left;\">Las m\u00e1quinas est\u00e1n sustituyendo r\u00e1pidamente a los humanos en \u00e1reas que, hasta hace muy poco, eran meros experimentos.\u00a0Se abren escenarios que a menudo carecen de un marco normativo espec\u00edfico, sobre todo, a nivel internacional. WILL se dirige a empresas y a particulares que necesitan interpretar la legislaci\u00f3n vigente a la luz de los r\u00e1pidos cambios tecnol\u00f3gicos.<\/p>\n<\/div><\/div><\/div><\/div><\/div><\/p>\n","protected":false},"excerpt":{"rendered":"","protected":false},"author":4,"featured_media":0,"parent":0,"menu_order":0,"comment_status":"closed","ping_status":"closed","template":"","meta":{"_acf_changed":false,"footnotes":""},"class_list":["post-4747","page","type-page","status-publish","hentry"],"acf":[],"yoast_head":"<!-- This site is optimized with the Yoast SEO plugin v25.6 - https:\/\/yoast.com\/wordpress\/plugins\/seo\/ -->\n<title>\u00c1reas - Willeague<\/title>\n<meta name=\"robots\" content=\"index, follow, max-snippet:-1, max-image-preview:large, max-video-preview:-1\" \/>\n<link rel=\"canonical\" href=\"https:\/\/www.willeague.com\/es\/areas\/\" \/>\n<meta property=\"og:locale\" content=\"es_ES\" \/>\n<meta property=\"og:type\" content=\"article\" \/>\n<meta property=\"og:title\" content=\"\u00c1reas - Willeague\" \/>\n<meta property=\"og:url\" content=\"https:\/\/www.willeague.com\/es\/areas\/\" \/>\n<meta property=\"og:site_name\" content=\"Willeague\" \/>\n<meta property=\"article:modified_time\" content=\"2023-05-24T07:37:51+00:00\" \/>\n<meta name=\"twitter:card\" content=\"summary_large_image\" \/>\n<meta name=\"twitter:label1\" content=\"Tiempo de lectura\" \/>\n\t<meta name=\"twitter:data1\" content=\"9 minutos\" \/>\n<script type=\"application\/ld+json\" class=\"yoast-schema-graph\">{\"@context\":\"https:\/\/schema.org\",\"@graph\":[{\"@type\":\"WebPage\",\"@id\":\"https:\/\/www.willeague.com\/es\/areas\/\",\"url\":\"https:\/\/www.willeague.com\/es\/areas\/\",\"name\":\"\u00c1reas - Willeague\",\"isPartOf\":{\"@id\":\"https:\/\/www.willeague.com\/es\/#website\"},\"datePublished\":\"2020-11-10T17:27:58+00:00\",\"dateModified\":\"2023-05-24T07:37:51+00:00\",\"breadcrumb\":{\"@id\":\"https:\/\/www.willeague.com\/es\/areas\/#breadcrumb\"},\"inLanguage\":\"es\",\"potentialAction\":[{\"@type\":\"ReadAction\",\"target\":[\"https:\/\/www.willeague.com\/es\/areas\/\"]}]},{\"@type\":\"BreadcrumbList\",\"@id\":\"https:\/\/www.willeague.com\/es\/areas\/#breadcrumb\",\"itemListElement\":[{\"@type\":\"ListItem\",\"position\":1,\"name\":\"Home\",\"item\":\"https:\/\/www.willeague.com\/es\/\"},{\"@type\":\"ListItem\",\"position\":2,\"name\":\"\u00c1reas\"}]},{\"@type\":\"WebSite\",\"@id\":\"https:\/\/www.willeague.com\/es\/#website\",\"url\":\"https:\/\/www.willeague.com\/es\/\",\"name\":\"Willeague\",\"description\":\"Worldwide Indipendent Lawyer League\",\"publisher\":{\"@id\":\"https:\/\/www.willeague.com\/es\/#organization\"},\"potentialAction\":[{\"@type\":\"SearchAction\",\"target\":{\"@type\":\"EntryPoint\",\"urlTemplate\":\"https:\/\/www.willeague.com\/es\/?s={search_term_string}\"},\"query-input\":{\"@type\":\"PropertyValueSpecification\",\"valueRequired\":true,\"valueName\":\"search_term_string\"}}],\"inLanguage\":\"es\"},{\"@type\":\"Organization\",\"@id\":\"https:\/\/www.willeague.com\/es\/#organization\",\"name\":\"Willeague\",\"url\":\"https:\/\/www.willeague.com\/es\/\",\"logo\":{\"@type\":\"ImageObject\",\"inLanguage\":\"es\",\"@id\":\"https:\/\/www.willeague.com\/es\/#\/schema\/logo\/image\/\",\"url\":\"https:\/\/www.willeague.com\/wp-content\/uploads\/2020\/04\/Logo-1x.png\",\"contentUrl\":\"https:\/\/www.willeague.com\/wp-content\/uploads\/2020\/04\/Logo-1x.png\",\"width\":170,\"height\":32,\"caption\":\"Willeague\"},\"image\":{\"@id\":\"https:\/\/www.willeague.com\/es\/#\/schema\/logo\/image\/\"}}]}<\/script>\n<!-- \/ Yoast SEO plugin. -->","yoast_head_json":{"title":"\u00c1reas - Willeague","robots":{"index":"index","follow":"follow","max-snippet":"max-snippet:-1","max-image-preview":"max-image-preview:large","max-video-preview":"max-video-preview:-1"},"canonical":"https:\/\/www.willeague.com\/es\/areas\/","og_locale":"es_ES","og_type":"article","og_title":"\u00c1reas - Willeague","og_url":"https:\/\/www.willeague.com\/es\/areas\/","og_site_name":"Willeague","article_modified_time":"2023-05-24T07:37:51+00:00","twitter_card":"summary_large_image","twitter_misc":{"Tiempo de lectura":"9 minutos"},"schema":{"@context":"https:\/\/schema.org","@graph":[{"@type":"WebPage","@id":"https:\/\/www.willeague.com\/es\/areas\/","url":"https:\/\/www.willeague.com\/es\/areas\/","name":"\u00c1reas - Willeague","isPartOf":{"@id":"https:\/\/www.willeague.com\/es\/#website"},"datePublished":"2020-11-10T17:27:58+00:00","dateModified":"2023-05-24T07:37:51+00:00","breadcrumb":{"@id":"https:\/\/www.willeague.com\/es\/areas\/#breadcrumb"},"inLanguage":"es","potentialAction":[{"@type":"ReadAction","target":["https:\/\/www.willeague.com\/es\/areas\/"]}]},{"@type":"BreadcrumbList","@id":"https:\/\/www.willeague.com\/es\/areas\/#breadcrumb","itemListElement":[{"@type":"ListItem","position":1,"name":"Home","item":"https:\/\/www.willeague.com\/es\/"},{"@type":"ListItem","position":2,"name":"\u00c1reas"}]},{"@type":"WebSite","@id":"https:\/\/www.willeague.com\/es\/#website","url":"https:\/\/www.willeague.com\/es\/","name":"Willeague","description":"Worldwide Indipendent Lawyer League","publisher":{"@id":"https:\/\/www.willeague.com\/es\/#organization"},"potentialAction":[{"@type":"SearchAction","target":{"@type":"EntryPoint","urlTemplate":"https:\/\/www.willeague.com\/es\/?s={search_term_string}"},"query-input":{"@type":"PropertyValueSpecification","valueRequired":true,"valueName":"search_term_string"}}],"inLanguage":"es"},{"@type":"Organization","@id":"https:\/\/www.willeague.com\/es\/#organization","name":"Willeague","url":"https:\/\/www.willeague.com\/es\/","logo":{"@type":"ImageObject","inLanguage":"es","@id":"https:\/\/www.willeague.com\/es\/#\/schema\/logo\/image\/","url":"https:\/\/www.willeague.com\/wp-content\/uploads\/2020\/04\/Logo-1x.png","contentUrl":"https:\/\/www.willeague.com\/wp-content\/uploads\/2020\/04\/Logo-1x.png","width":170,"height":32,"caption":"Willeague"},"image":{"@id":"https:\/\/www.willeague.com\/es\/#\/schema\/logo\/image\/"}}]}},"_links":{"self":[{"href":"https:\/\/www.willeague.com\/es\/wp-json\/wp\/v2\/pages\/4747"}],"collection":[{"href":"https:\/\/www.willeague.com\/es\/wp-json\/wp\/v2\/pages"}],"about":[{"href":"https:\/\/www.willeague.com\/es\/wp-json\/wp\/v2\/types\/page"}],"author":[{"embeddable":true,"href":"https:\/\/www.willeague.com\/es\/wp-json\/wp\/v2\/users\/4"}],"replies":[{"embeddable":true,"href":"https:\/\/www.willeague.com\/es\/wp-json\/wp\/v2\/comments?post=4747"}],"version-history":[{"count":4,"href":"https:\/\/www.willeague.com\/es\/wp-json\/wp\/v2\/pages\/4747\/revisions"}],"predecessor-version":[{"id":4755,"href":"https:\/\/www.willeague.com\/es\/wp-json\/wp\/v2\/pages\/4747\/revisions\/4755"}],"wp:attachment":[{"href":"https:\/\/www.willeague.com\/es\/wp-json\/wp\/v2\/media?parent=4747"}],"curies":[{"name":"wp","href":"https:\/\/api.w.org\/{rel}","templated":true}]}}