{"id":4729,"date":"2023-05-23T15:28:40","date_gmt":"2023-05-23T13:28:40","guid":{"rendered":"https:\/\/www.willeague.com\/?page_id=4729"},"modified":"2023-11-20T16:32:58","modified_gmt":"2023-11-20T15:32:58","slug":"vision-y-mision","status":"publish","type":"page","link":"https:\/\/www.willeague.com\/es\/vision-y-mision\/","title":{"rendered":"Visi\u00f3n Y Misi\u00f3n"},"content":{"rendered":"<p><div class=\"fusion-fullwidth fullwidth-box fusion-builder-row-1 fusion-flex-container nonhundred-percent-fullwidth non-hundred-percent-height-scrolling\" style=\"--awb-border-radius-top-left:0px;--awb-border-radius-top-right:0px;--awb-border-radius-bottom-right:0px;--awb-border-radius-bottom-left:0px;--awb-flex-wrap:wrap;\" ><div class=\"fusion-builder-row fusion-row fusion-flex-align-items-flex-start fusion-flex-content-wrap\" style=\"max-width:1248px;margin-left: calc(-4% \/ 2 );margin-right: calc(-4% \/ 2 );\"><div class=\"fusion-layout-column fusion_builder_column fusion-builder-column-0 fusion_builder_column_1_1 1_1 fusion-flex-column\" style=\"--awb-bg-size:cover;--awb-width-large:100%;--awb-margin-top-large:0px;--awb-spacing-right-large:1.92%;--awb-margin-bottom-large:20px;--awb-spacing-left-large:1.92%;--awb-width-medium:100%;--awb-order-medium:0;--awb-spacing-right-medium:1.92%;--awb-spacing-left-medium:1.92%;--awb-width-small:100%;--awb-order-small:0;--awb-spacing-right-small:1.92%;--awb-spacing-left-small:1.92%;\"><div class=\"fusion-column-wrapper fusion-column-has-shadow fusion-flex-justify-content-flex-start fusion-content-layout-column\"><div class=\"fusion-title title fusion-title-1 fusion-sep-none fusion-title-text fusion-title-size-three\" style=\"--awb-margin-bottom:20px;\"><h3 class=\"fusion-title-heading title-heading-left fusion-responsive-typography-calculated\" style=\"margin:0;--fontSize:50;line-height:1.3;\"><p style=\"text-align: left;\">\u00abSo\u00f1amos con un mundo en el que la protecci\u00f3n jur\u00eddica de la m\u00e1s alta calidad est\u00e9 democratizada y sea f\u00e1cilmente accesible globalmente para cada individuo, empresa o entidad\u00bb.<\/p><\/h3><\/div><div class=\"fusion-text fusion-text-1\"><p style=\"text-align: right;\"><em>Marco Buscema, fundador de WILL<\/em><\/p>\n<\/div><\/div><\/div><\/div><\/div><div class=\"fusion-fullwidth fullwidth-box fusion-builder-row-2 fusion-flex-container nonhundred-percent-fullwidth non-hundred-percent-height-scrolling\" style=\"--awb-border-radius-top-left:0px;--awb-border-radius-top-right:0px;--awb-border-radius-bottom-right:0px;--awb-border-radius-bottom-left:0px;--awb-flex-wrap:wrap;\" ><div class=\"fusion-builder-row fusion-row fusion-flex-align-items-flex-start fusion-flex-content-wrap\" style=\"max-width:1248px;margin-left: calc(-4% \/ 2 );margin-right: calc(-4% \/ 2 );\"><div class=\"fusion-layout-column fusion_builder_column fusion-builder-column-1 fusion_builder_column_1_1 1_1 fusion-flex-column\" style=\"--awb-bg-size:cover;--awb-width-large:100%;--awb-margin-top-large:0px;--awb-spacing-right-large:1.92%;--awb-margin-bottom-large:20px;--awb-spacing-left-large:1.92%;--awb-width-medium:100%;--awb-order-medium:0;--awb-spacing-right-medium:1.92%;--awb-spacing-left-medium:1.92%;--awb-width-small:100%;--awb-order-small:0;--awb-spacing-right-small:1.92%;--awb-spacing-left-small:1.92%;\"><div class=\"fusion-column-wrapper fusion-column-has-shadow fusion-flex-justify-content-flex-start fusion-content-layout-column\"><div class=\"fusion-text fusion-text-2\"><p style=\"text-align: left;\">El sue\u00f1o de WILL comenz\u00f3 con un suceso dram\u00e1tico que marc\u00f3 la vida de su fundador, el abogado italiano Marco Buscema.Ocurri\u00f3 en 1997, mientras Marco se encontraba en Turqu\u00eda y el autob\u00fas en el que viajaba junto con otras muchas personas se precipit\u00f3 por un acantilado.\u00a0Sobrevivi\u00f3, pero las consecuencias que sufrieron los supervivientes, debido incluso a la falta de asistencia jur\u00eddica adecuada, lo atormentaron.<\/p>\n<p>Marco se dio cuenta de que hab\u00eda que hacer algo para que nunca m\u00e1s las personas en situaciones graves se sintieran desamparadas.\u00a0Paso a paso fue construyendo una red de relaciones con abogados de todo el mundo, que compart\u00edan su misi\u00f3n:<\/p>\n<p><em>WILL contribuye a construir un mundo m\u00e1s justo mediante la creaci\u00f3n de la mayor red internacional de especialistas jur\u00eddicos de alto nivel, que abarca m\u00e1s de 20 husos horarios.\u00a0Propietarios y copropietarios de bufetes exclusivamente, que cuentan con la experiencia necesaria para resolver problemas aplicando el pensamiento lateral y, al mismo tiempo, son capaces de establecer una relaci\u00f3n de confianza mutua con el cliente y entre colegas. Cada d\u00eda nos guiamos por nuestros valores fundamentales: liderazgo, responsabilidad, colaboraci\u00f3n, superaci\u00f3n.<br \/>\n<\/em><\/p>\n<p>As\u00ed naci\u00f3 <strong>WILL,\u00a0la Liga Mundial de Abogados Independientes<\/strong>.\u00a0El acr\u00f3nimo hace referencia al libre albedr\u00edo, al poder de elecci\u00f3n y decisi\u00f3n, a la voluntad de triunfar. Pero WILL tambi\u00e9n es un nombre propio, idealmente, una persona de confianza con la que puedes contar, independientemente del pa\u00eds en el que est\u00e9s o nosotros nos encontremos. De este modo, las diferencias entre culturas se convierten en oportunidades y siempre puedes contar con grandes aliados de todo el mundo.<\/p>\n<\/div><\/div><\/div><\/div><\/div><div class=\"fusion-fullwidth fullwidth-box fusion-builder-row-3 fusion-flex-container nonhundred-percent-fullwidth non-hundred-percent-height-scrolling\" style=\"--awb-border-radius-top-left:0px;--awb-border-radius-top-right:0px;--awb-border-radius-bottom-right:0px;--awb-border-radius-bottom-left:0px;--awb-flex-wrap:wrap;\" ><div class=\"fusion-builder-row fusion-row fusion-flex-align-items-flex-start fusion-flex-content-wrap\" style=\"max-width:1248px;margin-left: calc(-4% \/ 2 );margin-right: calc(-4% \/ 2 );\"><div class=\"fusion-layout-column fusion_builder_column fusion-builder-column-2 fusion_builder_column_2_3 2_3 fusion-flex-column\" style=\"--awb-bg-size:cover;--awb-width-large:66.666666666667%;--awb-margin-top-large:50px;--awb-spacing-right-large:2.88%;--awb-margin-bottom-large:20px;--awb-spacing-left-large:2.88%;--awb-width-medium:100%;--awb-spacing-right-medium:1.92%;--awb-spacing-left-medium:1.92%;--awb-width-small:100%;--awb-spacing-right-small:1.92%;--awb-spacing-left-small:1.92%;\"><div class=\"fusion-column-wrapper fusion-column-has-shadow fusion-flex-justify-content-flex-start fusion-content-layout-column\"><div class=\"fusion-image-element \" style=\"--awb-caption-title-font-family:var(--h2_typography-font-family);--awb-caption-title-font-weight:var(--h2_typography-font-weight);--awb-caption-title-font-style:var(--h2_typography-font-style);--awb-caption-title-size:var(--h2_typography-font-size);--awb-caption-title-transform:var(--h2_typography-text-transform);--awb-caption-title-line-height:var(--h2_typography-line-height);--awb-caption-title-letter-spacing:var(--h2_typography-letter-spacing);\"><span class=\" fusion-imageframe imageframe-none imageframe-1 hover-type-none\"><img decoding=\"async\" width=\"953\" height=\"507\" title=\"world_2024\" src=\"https:\/\/www.willeague.com\/wp-content\/uploads\/2025\/10\/world_2024.webp\" data-orig-src=\"https:\/\/www.willeague.com\/wp-content\/uploads\/2025\/10\/world_2024.webp\" alt class=\"lazyload img-responsive wp-image-9141\" srcset=\"data:image\/svg+xml,%3Csvg%20xmlns%3D%27http%3A%2F%2Fwww.w3.org%2F2000%2Fsvg%27%20width%3D%27953%27%20height%3D%27507%27%20viewBox%3D%270%200%20953%20507%27%3E%3Crect%20width%3D%27953%27%20height%3D%27507%27%20fill-opacity%3D%220%22%2F%3E%3C%2Fsvg%3E\" data-srcset=\"https:\/\/www.willeague.com\/wp-content\/uploads\/2025\/10\/world_2024-200x106.webp 200w, https:\/\/www.willeague.com\/wp-content\/uploads\/2025\/10\/world_2024-300x160.webp 300w, https:\/\/www.willeague.com\/wp-content\/uploads\/2025\/10\/world_2024-400x213.webp 400w, https:\/\/www.willeague.com\/wp-content\/uploads\/2025\/10\/world_2024-600x319.webp 600w, https:\/\/www.willeague.com\/wp-content\/uploads\/2025\/10\/world_2024-768x409.webp 768w, https:\/\/www.willeague.com\/wp-content\/uploads\/2025\/10\/world_2024-800x426.webp 800w, https:\/\/www.willeague.com\/wp-content\/uploads\/2025\/10\/world_2024.webp 953w\" data-sizes=\"auto\" data-orig-sizes=\"(max-width: 1024px) 100vw, (max-width: 640px) 100vw, 800px\" \/><\/span><\/div><\/div><\/div>\n<\/div><\/div><\/p>\n","protected":false},"excerpt":{"rendered":"","protected":false},"author":1,"featured_media":0,"parent":0,"menu_order":0,"comment_status":"closed","ping_status":"closed","template":"","meta":{"_acf_changed":false,"footnotes":""},"class_list":["post-4729","page","type-page","status-publish","hentry"],"acf":[],"yoast_head":"<!-- This site is optimized with the Yoast SEO plugin v25.6 - https:\/\/yoast.com\/wordpress\/plugins\/seo\/ -->\n<title>Visi\u00f3n Y Misi\u00f3n - Willeague<\/title>\n<meta name=\"robots\" content=\"index, follow, max-snippet:-1, max-image-preview:large, max-video-preview:-1\" \/>\n<link rel=\"canonical\" href=\"https:\/\/www.willeague.com\/es\/vision-y-mision\/\" \/>\n<meta property=\"og:locale\" content=\"es_ES\" \/>\n<meta property=\"og:type\" content=\"article\" \/>\n<meta property=\"og:title\" content=\"Visi\u00f3n Y Misi\u00f3n - Willeague\" \/>\n<meta property=\"og:url\" content=\"https:\/\/www.willeague.com\/es\/vision-y-mision\/\" \/>\n<meta property=\"og:site_name\" content=\"Willeague\" \/>\n<meta property=\"article:modified_time\" content=\"2023-11-20T15:32:58+00:00\" \/>\n<meta name=\"twitter:card\" content=\"summary_large_image\" \/>\n<meta name=\"twitter:label1\" content=\"Tiempo de lectura\" \/>\n\t<meta name=\"twitter:data1\" content=\"5 minutos\" \/>\n<script type=\"application\/ld+json\" class=\"yoast-schema-graph\">{\"@context\":\"https:\/\/schema.org\",\"@graph\":[{\"@type\":\"WebPage\",\"@id\":\"https:\/\/www.willeague.com\/es\/vision-y-mision\/\",\"url\":\"https:\/\/www.willeague.com\/es\/vision-y-mision\/\",\"name\":\"Visi\u00f3n Y Misi\u00f3n - Willeague\",\"isPartOf\":{\"@id\":\"https:\/\/www.willeague.com\/es\/#website\"},\"datePublished\":\"2023-05-23T13:28:40+00:00\",\"dateModified\":\"2023-11-20T15:32:58+00:00\",\"breadcrumb\":{\"@id\":\"https:\/\/www.willeague.com\/es\/vision-y-mision\/#breadcrumb\"},\"inLanguage\":\"es\",\"potentialAction\":[{\"@type\":\"ReadAction\",\"target\":[\"https:\/\/www.willeague.com\/es\/vision-y-mision\/\"]}]},{\"@type\":\"BreadcrumbList\",\"@id\":\"https:\/\/www.willeague.com\/es\/vision-y-mision\/#breadcrumb\",\"itemListElement\":[{\"@type\":\"ListItem\",\"position\":1,\"name\":\"Home\",\"item\":\"https:\/\/www.willeague.com\/es\/\"},{\"@type\":\"ListItem\",\"position\":2,\"name\":\"Visi\u00f3n Y Misi\u00f3n\"}]},{\"@type\":\"WebSite\",\"@id\":\"https:\/\/www.willeague.com\/es\/#website\",\"url\":\"https:\/\/www.willeague.com\/es\/\",\"name\":\"Willeague\",\"description\":\"Worldwide Indipendent Lawyer League\",\"publisher\":{\"@id\":\"https:\/\/www.willeague.com\/es\/#organization\"},\"potentialAction\":[{\"@type\":\"SearchAction\",\"target\":{\"@type\":\"EntryPoint\",\"urlTemplate\":\"https:\/\/www.willeague.com\/es\/?s={search_term_string}\"},\"query-input\":{\"@type\":\"PropertyValueSpecification\",\"valueRequired\":true,\"valueName\":\"search_term_string\"}}],\"inLanguage\":\"es\"},{\"@type\":\"Organization\",\"@id\":\"https:\/\/www.willeague.com\/es\/#organization\",\"name\":\"Willeague\",\"url\":\"https:\/\/www.willeague.com\/es\/\",\"logo\":{\"@type\":\"ImageObject\",\"inLanguage\":\"es\",\"@id\":\"https:\/\/www.willeague.com\/es\/#\/schema\/logo\/image\/\",\"url\":\"https:\/\/www.willeague.com\/wp-content\/uploads\/2020\/04\/Logo-1x.png\",\"contentUrl\":\"https:\/\/www.willeague.com\/wp-content\/uploads\/2020\/04\/Logo-1x.png\",\"width\":170,\"height\":32,\"caption\":\"Willeague\"},\"image\":{\"@id\":\"https:\/\/www.willeague.com\/es\/#\/schema\/logo\/image\/\"}}]}<\/script>\n<!-- \/ Yoast SEO plugin. -->","yoast_head_json":{"title":"Visi\u00f3n Y Misi\u00f3n - Willeague","robots":{"index":"index","follow":"follow","max-snippet":"max-snippet:-1","max-image-preview":"max-image-preview:large","max-video-preview":"max-video-preview:-1"},"canonical":"https:\/\/www.willeague.com\/es\/vision-y-mision\/","og_locale":"es_ES","og_type":"article","og_title":"Visi\u00f3n Y Misi\u00f3n - Willeague","og_url":"https:\/\/www.willeague.com\/es\/vision-y-mision\/","og_site_name":"Willeague","article_modified_time":"2023-11-20T15:32:58+00:00","twitter_card":"summary_large_image","twitter_misc":{"Tiempo de lectura":"5 minutos"},"schema":{"@context":"https:\/\/schema.org","@graph":[{"@type":"WebPage","@id":"https:\/\/www.willeague.com\/es\/vision-y-mision\/","url":"https:\/\/www.willeague.com\/es\/vision-y-mision\/","name":"Visi\u00f3n Y Misi\u00f3n - Willeague","isPartOf":{"@id":"https:\/\/www.willeague.com\/es\/#website"},"datePublished":"2023-05-23T13:28:40+00:00","dateModified":"2023-11-20T15:32:58+00:00","breadcrumb":{"@id":"https:\/\/www.willeague.com\/es\/vision-y-mision\/#breadcrumb"},"inLanguage":"es","potentialAction":[{"@type":"ReadAction","target":["https:\/\/www.willeague.com\/es\/vision-y-mision\/"]}]},{"@type":"BreadcrumbList","@id":"https:\/\/www.willeague.com\/es\/vision-y-mision\/#breadcrumb","itemListElement":[{"@type":"ListItem","position":1,"name":"Home","item":"https:\/\/www.willeague.com\/es\/"},{"@type":"ListItem","position":2,"name":"Visi\u00f3n Y Misi\u00f3n"}]},{"@type":"WebSite","@id":"https:\/\/www.willeague.com\/es\/#website","url":"https:\/\/www.willeague.com\/es\/","name":"Willeague","description":"Worldwide Indipendent Lawyer League","publisher":{"@id":"https:\/\/www.willeague.com\/es\/#organization"},"potentialAction":[{"@type":"SearchAction","target":{"@type":"EntryPoint","urlTemplate":"https:\/\/www.willeague.com\/es\/?s={search_term_string}"},"query-input":{"@type":"PropertyValueSpecification","valueRequired":true,"valueName":"search_term_string"}}],"inLanguage":"es"},{"@type":"Organization","@id":"https:\/\/www.willeague.com\/es\/#organization","name":"Willeague","url":"https:\/\/www.willeague.com\/es\/","logo":{"@type":"ImageObject","inLanguage":"es","@id":"https:\/\/www.willeague.com\/es\/#\/schema\/logo\/image\/","url":"https:\/\/www.willeague.com\/wp-content\/uploads\/2020\/04\/Logo-1x.png","contentUrl":"https:\/\/www.willeague.com\/wp-content\/uploads\/2020\/04\/Logo-1x.png","width":170,"height":32,"caption":"Willeague"},"image":{"@id":"https:\/\/www.willeague.com\/es\/#\/schema\/logo\/image\/"}}]}},"_links":{"self":[{"href":"https:\/\/www.willeague.com\/es\/wp-json\/wp\/v2\/pages\/4729"}],"collection":[{"href":"https:\/\/www.willeague.com\/es\/wp-json\/wp\/v2\/pages"}],"about":[{"href":"https:\/\/www.willeague.com\/es\/wp-json\/wp\/v2\/types\/page"}],"author":[{"embeddable":true,"href":"https:\/\/www.willeague.com\/es\/wp-json\/wp\/v2\/users\/1"}],"replies":[{"embeddable":true,"href":"https:\/\/www.willeague.com\/es\/wp-json\/wp\/v2\/comments?post=4729"}],"version-history":[{"count":13,"href":"https:\/\/www.willeague.com\/es\/wp-json\/wp\/v2\/pages\/4729\/revisions"}],"predecessor-version":[{"id":5649,"href":"https:\/\/www.willeague.com\/es\/wp-json\/wp\/v2\/pages\/4729\/revisions\/5649"}],"wp:attachment":[{"href":"https:\/\/www.willeague.com\/es\/wp-json\/wp\/v2\/media?parent=4729"}],"curies":[{"name":"wp","href":"https:\/\/api.w.org\/{rel}","templated":true}]}}